{"id":633868,"date":"2026-02-23T16:33:20","date_gmt":"2026-02-23T16:33:20","guid":{"rendered":"https:\/\/aukinkochile.com\/web\/producto\/puzle-gigante-17-pz-en-obra\/"},"modified":"2026-02-23T16:33:21","modified_gmt":"2026-02-23T16:33:21","slug":"puzle-gigante-17-pz-en-obra","status":"publish","type":"product","link":"https:\/\/aukinkochile.com\/web\/producto\/puzle-gigante-17-pz-en-obra\/","title":{"rendered":"Puzle Gigante 17 pz En Obra"},"content":{"rendered":"<p>Colorido puzle de 17 piezas grandes con tem\u00e1tica de obra de construcci\u00f3n que encantar\u00e1 a ni\u00f1as y ni\u00f1os. Las detalladas ilustraciones en colores vibrantes como azul, amarillo y rojo a\u00f1aden diversi\u00f3n al juego. Este hermoso puzle de Djeco fomenta la creatividad y la coordinaci\u00f3n ojo-mano en los ni\u00f1os y ni\u00f1as. Puzle armado 70 x 50 cm. Un puzle ideal para los m\u00e1s peque\u00f1os.<\/p>\n<p><p><strong>Material : <\/strong> Cart\u00f3n FSC<\/p>\n<p><strong>C\u00f3digo Aukinko : <\/strong> 14-57167<\/p>\n<p><strong>C\u00f3digo Convenio Marco : <\/strong> x<\/p>\n","protected":false},"excerpt":{"rendered":"<p>Colorido puzle de 17 piezas grandes con tem\u00e1tica de obra de construcci\u00f3n que encantar\u00e1 a ni\u00f1as y ni\u00f1os. Las detalladas ilustraciones en colores vibrantes como azul, amarillo y rojo a\u00f1aden diversi\u00f3n al juego. Este hermoso puzle de Djeco fomenta la creatividad y la coordinaci\u00f3n ojo-mano en los ni\u00f1os y ni\u00f1as. Puzle armado 70 x 50 [&hellip;]<\/p>\n","protected":false},"featured_media":632182,"comment_status":"open","ping_status":"closed","template":"","meta":{"_et_pb_use_builder":"","_et_pb_old_content":"","_et_gb_content_width":""},"product_brand":[],"product_cat":[20,22],"product_tag":[],"class_list":{"0":"post-633868","1":"product","2":"type-product","3":"status-publish","4":"has-post-thumbnail","6":"product_cat-motricidad-fina","7":"product_cat-puzzles","8":"pa_edad-2-a-3-anos","9":"pa_edad-3-a-4-anos","10":"pa_edad-4-a-5-anos","11":"pa_marca-djeco","12":"pa_medidas-70-x-50-cm","14":"first","15":"instock","16":"shipping-taxable","17":"purchasable","18":"product-type-simple"},"aioseo_notices":[],"_links":{"self":[{"href":"https:\/\/aukinkochile.com\/web\/wp-json\/wp\/v2\/product\/633868","targetHints":{"allow":["GET"]}}],"collection":[{"href":"https:\/\/aukinkochile.com\/web\/wp-json\/wp\/v2\/product"}],"about":[{"href":"https:\/\/aukinkochile.com\/web\/wp-json\/wp\/v2\/types\/product"}],"replies":[{"embeddable":true,"href":"https:\/\/aukinkochile.com\/web\/wp-json\/wp\/v2\/comments?post=633868"}],"wp:featuredmedia":[{"embeddable":true,"href":"https:\/\/aukinkochile.com\/web\/wp-json\/wp\/v2\/media\/632182"}],"wp:attachment":[{"href":"https:\/\/aukinkochile.com\/web\/wp-json\/wp\/v2\/media?parent=633868"}],"wp:term":[{"taxonomy":"product_brand","embeddable":true,"href":"https:\/\/aukinkochile.com\/web\/wp-json\/wp\/v2\/product_brand?post=633868"},{"taxonomy":"product_cat","embeddable":true,"href":"https:\/\/aukinkochile.com\/web\/wp-json\/wp\/v2\/product_cat?post=633868"},{"taxonomy":"product_tag","embeddable":true,"href":"https:\/\/aukinkochile.com\/web\/wp-json\/wp\/v2\/product_tag?post=633868"}],"curies":[{"name":"wp","href":"https:\/\/api.w.org\/{rel}","templated":true}]}}