{"id":633867,"date":"2026-02-23T16:33:19","date_gmt":"2026-02-23T16:33:19","guid":{"rendered":"https:\/\/aukinkochile.com\/web\/producto\/puzle-gigante-24-pz-la-ciudad\/"},"modified":"2026-02-23T16:33:20","modified_gmt":"2026-02-23T16:33:20","slug":"puzle-gigante-24-pz-la-ciudad","status":"publish","type":"product","link":"https:\/\/aukinkochile.com\/web\/producto\/puzle-gigante-24-pz-la-ciudad\/","title":{"rendered":"Puzle Gigante 24 pz La Ciudad"},"content":{"rendered":"<p>Hermoso puzle gigante de ciudad de 24 pz para armar una pista vehicular y jugar con los autitos. Contiene 5 se\u00f1ales de trafico de madera. Piezas grandes y de gran calidad. Luego de armar el Puzle los ni\u00f1os y ni\u00f1as podr\u00e1n jugar un divertido juego de observaci\u00f3n, podr\u00e1n buscar los animales en los colores que aparecen arriba y debajo de la ilustraci\u00f3n. Fabricado en cart\u00f3n FSC certificado. <\/p>\n<p><p><strong>Material : <\/strong> Cart\u00f3n FSC y Madera<\/p>\n<p><strong>C\u00f3digo Aukinko : <\/strong> 14-57161<\/p>\n<p><strong>C\u00f3digo Convenio Marco : <\/strong> x<\/p>\n","protected":false},"excerpt":{"rendered":"<p>Hermoso puzle gigante de ciudad de 24 pz para armar una pista vehicular y jugar con los autitos. Contiene 5 se\u00f1ales de trafico de madera. Piezas grandes y de gran calidad. Luego de armar el Puzle los ni\u00f1os y ni\u00f1as podr\u00e1n jugar un divertido juego de observaci\u00f3n, podr\u00e1n buscar los animales en los colores que [&hellip;]<\/p>\n","protected":false},"featured_media":629970,"comment_status":"open","ping_status":"closed","template":"","meta":{"_et_pb_use_builder":"","_et_pb_old_content":"","_et_gb_content_width":""},"product_brand":[],"product_cat":[7385,20,22],"product_tag":[],"class_list":{"0":"post-633867","1":"product","2":"type-product","3":"status-publish","4":"has-post-thumbnail","6":"product_cat-estimulacion-cognitiva-y-motora-para-adultos-mayores","7":"product_cat-motricidad-fina","8":"product_cat-puzzles","9":"pa_edad-3-a-4-anos","10":"pa_edad-4-a-5-anos","11":"pa_edad-5-a-6-anos","12":"pa_marca-djeco","13":"pa_medidas-25-x-25-x-8-cm-caja","15":"first","16":"instock","17":"shipping-taxable","18":"purchasable","19":"product-type-simple"},"aioseo_notices":[],"_links":{"self":[{"href":"https:\/\/aukinkochile.com\/web\/wp-json\/wp\/v2\/product\/633867","targetHints":{"allow":["GET"]}}],"collection":[{"href":"https:\/\/aukinkochile.com\/web\/wp-json\/wp\/v2\/product"}],"about":[{"href":"https:\/\/aukinkochile.com\/web\/wp-json\/wp\/v2\/types\/product"}],"replies":[{"embeddable":true,"href":"https:\/\/aukinkochile.com\/web\/wp-json\/wp\/v2\/comments?post=633867"}],"wp:featuredmedia":[{"embeddable":true,"href":"https:\/\/aukinkochile.com\/web\/wp-json\/wp\/v2\/media\/629970"}],"wp:attachment":[{"href":"https:\/\/aukinkochile.com\/web\/wp-json\/wp\/v2\/media?parent=633867"}],"wp:term":[{"taxonomy":"product_brand","embeddable":true,"href":"https:\/\/aukinkochile.com\/web\/wp-json\/wp\/v2\/product_brand?post=633867"},{"taxonomy":"product_cat","embeddable":true,"href":"https:\/\/aukinkochile.com\/web\/wp-json\/wp\/v2\/product_cat?post=633867"},{"taxonomy":"product_tag","embeddable":true,"href":"https:\/\/aukinkochile.com\/web\/wp-json\/wp\/v2\/product_tag?post=633867"}],"curies":[{"name":"wp","href":"https:\/\/api.w.org\/{rel}","templated":true}]}}