{"id":633866,"date":"2026-02-23T16:33:17","date_gmt":"2026-02-23T16:33:17","guid":{"rendered":"https:\/\/aukinkochile.com\/web\/producto\/puzle-madera-texturas-20-pz-granja\/"},"modified":"2026-02-23T16:33:19","modified_gmt":"2026-02-23T16:33:19","slug":"puzle-madera-texturas-20-pz-granja","status":"publish","type":"product","link":"https:\/\/aukinkochile.com\/web\/producto\/puzle-madera-texturas-20-pz-granja\/","title":{"rendered":"Puzle Madera Texturas 20 pz Granja"},"content":{"rendered":"<p>Puzle t\u00e1ctil de 20 piezas. 8 piezas de animal con la textura de su piel. De hermoso dise\u00f1o y resistente material y calidad. Desde 3 a\u00f1os. 70 x 50 cm puzle armado.<\/p>\n<p><p><strong>Material : <\/strong> Cart\u00f3n FSC<\/p>\n<p><strong>C\u00f3digo Aukinko : <\/strong> 14-57117<\/p>\n<p><strong>C\u00f3digo Convenio Marco : <\/strong> x<\/p>\n","protected":false},"excerpt":{"rendered":"<p>Puzle t\u00e1ctil de 20 piezas. 8 piezas de animal con la textura de su piel. De hermoso dise\u00f1o y resistente material y calidad. Desde 3 a\u00f1os. 70 x 50 cm puzle armado. Material : Cart\u00f3n FSC C\u00f3digo Aukinko : 14-57117 C\u00f3digo Convenio Marco : x<\/p>\n","protected":false},"featured_media":623932,"comment_status":"open","ping_status":"closed","template":"","meta":{"_et_pb_use_builder":"","_et_pb_old_content":"","_et_gb_content_width":""},"product_brand":[],"product_cat":[20,22],"product_tag":[],"class_list":{"0":"post-633866","1":"product","2":"type-product","3":"status-publish","4":"has-post-thumbnail","6":"product_cat-motricidad-fina","7":"product_cat-puzzles","8":"pa_edad-3-a-4-anos","9":"pa_edad-4-a-5-anos","10":"pa_edad-5-a-6-anos","11":"pa_edad-6-a-8-anos","12":"pa_marca-djeco","13":"pa_medidas-33-x-25-x-4-cm-caja","15":"first","16":"instock","17":"shipping-taxable","18":"purchasable","19":"product-type-simple"},"aioseo_notices":[],"_links":{"self":[{"href":"https:\/\/aukinkochile.com\/web\/wp-json\/wp\/v2\/product\/633866","targetHints":{"allow":["GET"]}}],"collection":[{"href":"https:\/\/aukinkochile.com\/web\/wp-json\/wp\/v2\/product"}],"about":[{"href":"https:\/\/aukinkochile.com\/web\/wp-json\/wp\/v2\/types\/product"}],"replies":[{"embeddable":true,"href":"https:\/\/aukinkochile.com\/web\/wp-json\/wp\/v2\/comments?post=633866"}],"wp:featuredmedia":[{"embeddable":true,"href":"https:\/\/aukinkochile.com\/web\/wp-json\/wp\/v2\/media\/623932"}],"wp:attachment":[{"href":"https:\/\/aukinkochile.com\/web\/wp-json\/wp\/v2\/media?parent=633866"}],"wp:term":[{"taxonomy":"product_brand","embeddable":true,"href":"https:\/\/aukinkochile.com\/web\/wp-json\/wp\/v2\/product_brand?post=633866"},{"taxonomy":"product_cat","embeddable":true,"href":"https:\/\/aukinkochile.com\/web\/wp-json\/wp\/v2\/product_cat?post=633866"},{"taxonomy":"product_tag","embeddable":true,"href":"https:\/\/aukinkochile.com\/web\/wp-json\/wp\/v2\/product_tag?post=633866"}],"curies":[{"name":"wp","href":"https:\/\/api.w.org\/{rel}","templated":true}]}}