{"id":633864,"date":"2026-02-23T16:33:15","date_gmt":"2026-02-23T16:33:15","guid":{"rendered":"https:\/\/aukinkochile.com\/web\/producto\/caja-musica-unicornio\/"},"modified":"2026-02-23T16:33:16","modified_gmt":"2026-02-23T16:33:16","slug":"caja-musica-unicornio","status":"publish","type":"product","link":"https:\/\/aukinkochile.com\/web\/producto\/caja-musica-unicornio\/","title":{"rendered":"Caja M\u00fasica Unicornio"},"content":{"rendered":"<p>\u00a1Este precioso joyero musical unicorn&#8217;s dream de Djeco te llevar\u00e1 a las nubes! Mientras el peque\u00f1o unicornio en el interior gira junto con la m\u00fasica, puedes guardar anillos, pulseras y collares de forma segura dentro de la caja, con el encantador forro de terciopelo amarillo para mantener tus joyas a salvo. Unicornio baila con gracia \u00abel Danubio azul\u00bb frente a un espejo en forma de nube. Cuando est\u00e1 cerrada, esta caja musical tiene la forma de una nube y un arco iris, por lo que ser\u00eda un gran adorno para el dormitorio. Tiene un mecanismo de cuerda.<\/p>\n<p><p><strong>Material : <\/strong> Cart\u00f3n Grueso forrado en Terciopelo<\/p>\n<p><strong>C\u00f3digo Aukinko : <\/strong> 14-56605<\/p>\n<p><strong>C\u00f3digo Convenio Marco : <\/strong> x<\/p>\n","protected":false},"excerpt":{"rendered":"<p>\u00a1Este precioso joyero musical unicorn&#8217;s dream de Djeco te llevar\u00e1 a las nubes! Mientras el peque\u00f1o unicornio en el interior gira junto con la m\u00fasica, puedes guardar anillos, pulseras y collares de forma segura dentro de la caja, con el encantador forro de terciopelo amarillo para mantener tus joyas a salvo. Unicornio baila con gracia [&hellip;]<\/p>\n","protected":false},"featured_media":623892,"comment_status":"open","ping_status":"closed","template":"","meta":{"_et_pb_use_builder":"","_et_pb_old_content":"","_et_gb_content_width":""},"product_brand":[],"product_cat":[21,392],"product_tag":[],"class_list":{"0":"post-633864","1":"product","2":"type-product","3":"status-publish","4":"has-post-thumbnail","6":"product_cat-arte-y-manipulacion","7":"product_cat-musica","8":"pa_edad-10-anos","9":"pa_edad-3-a-4-anos","10":"pa_edad-4-a-5-anos","11":"pa_edad-5-a-6-anos","12":"pa_edad-6-a-8-anos","13":"pa_edad-8-a-10-anos","14":"pa_marca-djeco","15":"pa_medidas-15-x-14-x-8-cm","17":"first","18":"instock","19":"shipping-taxable","20":"purchasable","21":"product-type-simple"},"aioseo_notices":[],"_links":{"self":[{"href":"https:\/\/aukinkochile.com\/web\/wp-json\/wp\/v2\/product\/633864","targetHints":{"allow":["GET"]}}],"collection":[{"href":"https:\/\/aukinkochile.com\/web\/wp-json\/wp\/v2\/product"}],"about":[{"href":"https:\/\/aukinkochile.com\/web\/wp-json\/wp\/v2\/types\/product"}],"replies":[{"embeddable":true,"href":"https:\/\/aukinkochile.com\/web\/wp-json\/wp\/v2\/comments?post=633864"}],"wp:featuredmedia":[{"embeddable":true,"href":"https:\/\/aukinkochile.com\/web\/wp-json\/wp\/v2\/media\/623892"}],"wp:attachment":[{"href":"https:\/\/aukinkochile.com\/web\/wp-json\/wp\/v2\/media?parent=633864"}],"wp:term":[{"taxonomy":"product_brand","embeddable":true,"href":"https:\/\/aukinkochile.com\/web\/wp-json\/wp\/v2\/product_brand?post=633864"},{"taxonomy":"product_cat","embeddable":true,"href":"https:\/\/aukinkochile.com\/web\/wp-json\/wp\/v2\/product_cat?post=633864"},{"taxonomy":"product_tag","embeddable":true,"href":"https:\/\/aukinkochile.com\/web\/wp-json\/wp\/v2\/product_tag?post=633864"}],"curies":[{"name":"wp","href":"https:\/\/api.w.org\/{rel}","templated":true}]}}