{"id":633863,"date":"2026-02-23T16:33:14","date_gmt":"2026-02-23T16:33:14","guid":{"rendered":"https:\/\/aukinkochile.com\/web\/producto\/caja-musica-magnetica-amigos\/"},"modified":"2026-02-23T16:33:15","modified_gmt":"2026-02-23T16:33:15","slug":"caja-musica-magnetica-amigos","status":"publish","type":"product","link":"https:\/\/aukinkochile.com\/web\/producto\/caja-musica-magnetica-amigos\/","title":{"rendered":"Caja M\u00fasica Magn\u00e9tica Amigos"},"content":{"rendered":"<p>Caja de m\u00fasica de madera pintada con bellos dibujos con 2 figuritas pl\u00e1sticas que bailan unidas a la cajita por im\u00e1n. Se levanta la llave bajo la cajita y empieza el baile y la m\u00fasica. Melod\u00eda \u00abberceuse\u00bb de Brahms.<\/p>\n<p><p><strong>Material : <\/strong> Madera y Pl\u00e1stico<\/p>\n<p><strong>C\u00f3digo Aukinko : <\/strong> 14-56054<\/p>\n<p><strong>C\u00f3digo Convenio Marco : <\/strong> x<\/p>\n","protected":false},"excerpt":{"rendered":"<p>Caja de m\u00fasica de madera pintada con bellos dibujos con 2 figuritas pl\u00e1sticas que bailan unidas a la cajita por im\u00e1n. Se levanta la llave bajo la cajita y empieza el baile y la m\u00fasica. Melod\u00eda \u00abberceuse\u00bb de Brahms. Material : Madera y Pl\u00e1stico C\u00f3digo Aukinko : 14-56054 C\u00f3digo Convenio Marco : x<\/p>\n","protected":false},"featured_media":623866,"comment_status":"open","ping_status":"closed","template":"","meta":{"_et_pb_use_builder":"","_et_pb_old_content":"","_et_gb_content_width":""},"product_brand":[],"product_cat":[21,392],"product_tag":[],"class_list":{"0":"post-633863","1":"product","2":"type-product","3":"status-publish","4":"has-post-thumbnail","6":"product_cat-arte-y-manipulacion","7":"product_cat-musica","8":"pa_edad-10-anos","9":"pa_edad-3-a-4-anos","10":"pa_edad-4-a-5-anos","11":"pa_edad-5-a-6-anos","12":"pa_edad-6-a-8-anos","13":"pa_edad-8-a-10-anos","14":"pa_marca-djeco","15":"pa_medidas-14-x-12-x-14-cm-caja","17":"first","18":"instock","19":"shipping-taxable","20":"purchasable","21":"product-type-simple"},"aioseo_notices":[],"_links":{"self":[{"href":"https:\/\/aukinkochile.com\/web\/wp-json\/wp\/v2\/product\/633863","targetHints":{"allow":["GET"]}}],"collection":[{"href":"https:\/\/aukinkochile.com\/web\/wp-json\/wp\/v2\/product"}],"about":[{"href":"https:\/\/aukinkochile.com\/web\/wp-json\/wp\/v2\/types\/product"}],"replies":[{"embeddable":true,"href":"https:\/\/aukinkochile.com\/web\/wp-json\/wp\/v2\/comments?post=633863"}],"wp:featuredmedia":[{"embeddable":true,"href":"https:\/\/aukinkochile.com\/web\/wp-json\/wp\/v2\/media\/623866"}],"wp:attachment":[{"href":"https:\/\/aukinkochile.com\/web\/wp-json\/wp\/v2\/media?parent=633863"}],"wp:term":[{"taxonomy":"product_brand","embeddable":true,"href":"https:\/\/aukinkochile.com\/web\/wp-json\/wp\/v2\/product_brand?post=633863"},{"taxonomy":"product_cat","embeddable":true,"href":"https:\/\/aukinkochile.com\/web\/wp-json\/wp\/v2\/product_cat?post=633863"},{"taxonomy":"product_tag","embeddable":true,"href":"https:\/\/aukinkochile.com\/web\/wp-json\/wp\/v2\/product_tag?post=633863"}],"curies":[{"name":"wp","href":"https:\/\/api.w.org\/{rel}","templated":true}]}}