{"id":633858,"date":"2026-02-23T16:33:08","date_gmt":"2026-02-23T16:33:08","guid":{"rendered":"https:\/\/aukinkochile.com\/web\/producto\/auto-crazy-pirana\/"},"modified":"2026-02-23T16:33:09","modified_gmt":"2026-02-23T16:33:09","slug":"auto-crazy-pirana","status":"publish","type":"product","link":"https:\/\/aukinkochile.com\/web\/producto\/auto-crazy-pirana\/","title":{"rendered":"Auto Crazy Pira\u00f1a"},"content":{"rendered":"<p>Divertido coche de metal con suspensi\u00f3n para jugar y coleccionar, con el maravilloso dise\u00f1o de Djeco. Cada coche tiene un conductor creado especialmente para \u00e9l. Las piezas de pl\u00e1stico le dan al coche un aspecto \u00fanico. Terminado con pintura metalizada ultras\u00f3nica. Un mundo de coches locos para llevar a todas partes. Contiene 1 coche de metal y 1 personaje dentro de \u00e9l. Dimensiones del auto: 3,8 x 7,7 x 3,4 cm.<\/p>\n<p><p><strong>Material : <\/strong> Metal y Pl\u00e1stico<\/p>\n<p><strong>C\u00f3digo Aukinko : <\/strong> 14-55484<\/p>\n<p><strong>C\u00f3digo Convenio Marco : <\/strong> x<\/p>\n","protected":false},"excerpt":{"rendered":"<p>Divertido coche de metal con suspensi\u00f3n para jugar y coleccionar, con el maravilloso dise\u00f1o de Djeco. Cada coche tiene un conductor creado especialmente para \u00e9l. Las piezas de pl\u00e1stico le dan al coche un aspecto \u00fanico. Terminado con pintura metalizada ultras\u00f3nica. Un mundo de coches locos para llevar a todas partes. Contiene 1 coche de [&hellip;]<\/p>\n","protected":false},"featured_media":629885,"comment_status":"open","ping_status":"closed","template":"","meta":{"_et_pb_use_builder":"","_et_pb_old_content":"","_et_gb_content_width":""},"product_brand":[],"product_cat":[212],"product_tag":[],"class_list":{"0":"post-633858","1":"product","2":"type-product","3":"status-publish","4":"has-post-thumbnail","6":"product_cat-munecos-y-figuras","7":"pa_edad-3-a-4-anos","8":"pa_edad-4-a-5-anos","9":"pa_edad-5-a-6-anos","10":"pa_edad-6-a-8-anos","11":"pa_edad-8-a-10-anos","12":"pa_marca-djeco","13":"pa_medidas-12-x-8-x-6-cm","15":"first","16":"instock","17":"shipping-taxable","18":"purchasable","19":"product-type-simple"},"aioseo_notices":[],"_links":{"self":[{"href":"https:\/\/aukinkochile.com\/web\/wp-json\/wp\/v2\/product\/633858","targetHints":{"allow":["GET"]}}],"collection":[{"href":"https:\/\/aukinkochile.com\/web\/wp-json\/wp\/v2\/product"}],"about":[{"href":"https:\/\/aukinkochile.com\/web\/wp-json\/wp\/v2\/types\/product"}],"replies":[{"embeddable":true,"href":"https:\/\/aukinkochile.com\/web\/wp-json\/wp\/v2\/comments?post=633858"}],"wp:featuredmedia":[{"embeddable":true,"href":"https:\/\/aukinkochile.com\/web\/wp-json\/wp\/v2\/media\/629885"}],"wp:attachment":[{"href":"https:\/\/aukinkochile.com\/web\/wp-json\/wp\/v2\/media?parent=633858"}],"wp:term":[{"taxonomy":"product_brand","embeddable":true,"href":"https:\/\/aukinkochile.com\/web\/wp-json\/wp\/v2\/product_brand?post=633858"},{"taxonomy":"product_cat","embeddable":true,"href":"https:\/\/aukinkochile.com\/web\/wp-json\/wp\/v2\/product_cat?post=633858"},{"taxonomy":"product_tag","embeddable":true,"href":"https:\/\/aukinkochile.com\/web\/wp-json\/wp\/v2\/product_tag?post=633858"}],"curies":[{"name":"wp","href":"https:\/\/api.w.org\/{rel}","templated":true}]}}