{"id":633850,"date":"2026-02-23T16:32:58","date_gmt":"2026-02-23T16:32:58","guid":{"rendered":"https:\/\/aukinkochile.com\/web\/producto\/cartas-expresiones\/"},"modified":"2026-02-23T16:32:59","modified_gmt":"2026-02-23T16:32:59","slug":"cartas-expresiones","status":"publish","type":"product","link":"https:\/\/aukinkochile.com\/web\/producto\/cartas-expresiones\/","title":{"rendered":"Cartas Expresiones"},"content":{"rendered":"<p>Juego de memoria divertido. Observa y memoriza. Para desarrollar el arte de las muecas. 3 condiciones para ser el equipo ganador.<\/p>\n<p><p><strong>Material : <\/strong> Cart\u00f3n FSC<\/p>\n<p><strong>C\u00f3digo Aukinko : <\/strong> 14-55169<\/p>\n<p><strong>C\u00f3digo Convenio Marco : <\/strong> x<\/p>\n","protected":false},"excerpt":{"rendered":"<p>Juego de memoria divertido. Observa y memoriza. Para desarrollar el arte de las muecas. 3 condiciones para ser el equipo ganador. Material : Cart\u00f3n FSC C\u00f3digo Aukinko : 14-55169 C\u00f3digo Convenio Marco : x<\/p>\n","protected":false},"featured_media":623816,"comment_status":"open","ping_status":"closed","template":"","meta":{"_et_pb_use_builder":"","_et_pb_old_content":"","_et_gb_content_width":""},"product_brand":[],"product_cat":[149],"product_tag":[],"class_list":{"0":"post-633850","1":"product","2":"type-product","3":"status-publish","4":"has-post-thumbnail","6":"product_cat-juegos-de-mesa","7":"pa_edad-10-anos","8":"pa_edad-6-a-8-anos","9":"pa_edad-8-a-10-anos","10":"pa_marca-djeco","11":"pa_medidas-4478","12":"pa_medidas-5-x-2","13":"pa_medidas-7-x-8","14":"pa_medidas-8-cm","16":"first","17":"instock","18":"shipping-taxable","19":"purchasable","20":"product-type-simple"},"aioseo_notices":[],"_links":{"self":[{"href":"https:\/\/aukinkochile.com\/web\/wp-json\/wp\/v2\/product\/633850","targetHints":{"allow":["GET"]}}],"collection":[{"href":"https:\/\/aukinkochile.com\/web\/wp-json\/wp\/v2\/product"}],"about":[{"href":"https:\/\/aukinkochile.com\/web\/wp-json\/wp\/v2\/types\/product"}],"replies":[{"embeddable":true,"href":"https:\/\/aukinkochile.com\/web\/wp-json\/wp\/v2\/comments?post=633850"}],"wp:featuredmedia":[{"embeddable":true,"href":"https:\/\/aukinkochile.com\/web\/wp-json\/wp\/v2\/media\/623816"}],"wp:attachment":[{"href":"https:\/\/aukinkochile.com\/web\/wp-json\/wp\/v2\/media?parent=633850"}],"wp:term":[{"taxonomy":"product_brand","embeddable":true,"href":"https:\/\/aukinkochile.com\/web\/wp-json\/wp\/v2\/product_brand?post=633850"},{"taxonomy":"product_cat","embeddable":true,"href":"https:\/\/aukinkochile.com\/web\/wp-json\/wp\/v2\/product_cat?post=633850"},{"taxonomy":"product_tag","embeddable":true,"href":"https:\/\/aukinkochile.com\/web\/wp-json\/wp\/v2\/product_tag?post=633850"}],"curies":[{"name":"wp","href":"https:\/\/api.w.org\/{rel}","templated":true}]}}