{"id":633845,"date":"2026-02-23T16:32:52","date_gmt":"2026-02-23T16:32:52","guid":{"rendered":"https:\/\/aukinkochile.com\/web\/producto\/cartas-monstruo\/"},"modified":"2026-02-23T16:32:53","modified_gmt":"2026-02-23T16:32:53","slug":"cartas-monstruo","status":"publish","type":"product","link":"https:\/\/aukinkochile.com\/web\/producto\/cartas-monstruo\/","title":{"rendered":"Cartas Monstruo"},"content":{"rendered":"<p>\u00a1Con este divertido juego ya es Halloween! Es hora de explorar la casa encantada y encontrar los dulces que esconden los monstruos, aunque algunos no tienen ning\u00fan dulce, y si te toca el mismo monstruo 3 veces&#8230; pierdes tu bot\u00edn. Un divertido juego dise\u00f1ado para estimular la memoria y aprender a desarrollar estrategias y asumir riesgos. Un juego de estrategia para 2 a 4 jugadores de unos 15 minutos de duraci\u00f3n. Fabricado en papel y cart\u00f3n con certificaci\u00f3n FSC\u00ae. Contiene 72 cartas y 1 juego de reglas en 10 idiomas. El autor del juego es Joan Dufour, dise\u00f1ado por Delphine Jacquot.<\/p>\n<p><p><strong>Material : <\/strong> Cart\u00f3n FSC<\/p>\n<p><strong>C\u00f3digo Aukinko : <\/strong> 14-55086<\/p>\n<p><strong>C\u00f3digo Convenio Marco : <\/strong> x<\/p>\n","protected":false},"excerpt":{"rendered":"<p>\u00a1Con este divertido juego ya es Halloween! Es hora de explorar la casa encantada y encontrar los dulces que esconden los monstruos, aunque algunos no tienen ning\u00fan dulce, y si te toca el mismo monstruo 3 veces&#8230; pierdes tu bot\u00edn. Un divertido juego dise\u00f1ado para estimular la memoria y aprender a desarrollar estrategias y asumir [&hellip;]<\/p>\n","protected":false},"featured_media":629838,"comment_status":"open","ping_status":"closed","template":"","meta":{"_et_pb_use_builder":"","_et_pb_old_content":"","_et_gb_content_width":""},"product_brand":[],"product_cat":[149],"product_tag":[],"class_list":{"0":"post-633845","1":"product","2":"type-product","3":"status-publish","4":"has-post-thumbnail","6":"product_cat-juegos-de-mesa","7":"pa_edad-10-anos","8":"pa_edad-6-a-8-anos","9":"pa_edad-8-a-10-anos","10":"pa_marca-djeco","11":"pa_medidas-15-x-12-x-3-cm","13":"first","14":"instock","15":"shipping-taxable","16":"purchasable","17":"product-type-simple"},"aioseo_notices":[],"_links":{"self":[{"href":"https:\/\/aukinkochile.com\/web\/wp-json\/wp\/v2\/product\/633845","targetHints":{"allow":["GET"]}}],"collection":[{"href":"https:\/\/aukinkochile.com\/web\/wp-json\/wp\/v2\/product"}],"about":[{"href":"https:\/\/aukinkochile.com\/web\/wp-json\/wp\/v2\/types\/product"}],"replies":[{"embeddable":true,"href":"https:\/\/aukinkochile.com\/web\/wp-json\/wp\/v2\/comments?post=633845"}],"wp:featuredmedia":[{"embeddable":true,"href":"https:\/\/aukinkochile.com\/web\/wp-json\/wp\/v2\/media\/629838"}],"wp:attachment":[{"href":"https:\/\/aukinkochile.com\/web\/wp-json\/wp\/v2\/media?parent=633845"}],"wp:term":[{"taxonomy":"product_brand","embeddable":true,"href":"https:\/\/aukinkochile.com\/web\/wp-json\/wp\/v2\/product_brand?post=633845"},{"taxonomy":"product_cat","embeddable":true,"href":"https:\/\/aukinkochile.com\/web\/wp-json\/wp\/v2\/product_cat?post=633845"},{"taxonomy":"product_tag","embeddable":true,"href":"https:\/\/aukinkochile.com\/web\/wp-json\/wp\/v2\/product_tag?post=633845"}],"curies":[{"name":"wp","href":"https:\/\/api.w.org\/{rel}","templated":true}]}}