{"id":633843,"date":"2026-02-23T16:32:49","date_gmt":"2026-02-23T16:32:49","guid":{"rendered":"https:\/\/aukinkochile.com\/web\/producto\/papeleria-set-en-caja-kendra\/"},"modified":"2026-02-23T16:32:50","modified_gmt":"2026-02-23T16:32:50","slug":"papeleria-set-en-caja-kendra","status":"publish","type":"product","link":"https:\/\/aukinkochile.com\/web\/producto\/papeleria-set-en-caja-kendra\/","title":{"rendered":"Papeler\u00eda set en Caja Kendra"},"content":{"rendered":"<p>Los y las peque\u00f1as escritoras disfrutar\u00e1n escribiendo ideas y pensamientos, o dibujando y decorando con las hermosas pegatinas de este gran kit de manualidades Lovely Paper de Djeco. Esta gran colecci\u00f3n de papeler\u00eda refinada, delicada y bellamente ilustrada viene en una bonita caja ilustrada con ventana y tapa con acabado brillante con detalles met\u00e1licos. Todo el material fabricado con papel y cart\u00f3n certificado FSC\u00ae. Este maravilloso kit incluye: 1 caja con ventana (18 x 15,5 x 3 cm), 5 mini tarjetas y 5 mini sobres, 4 hojas de pegatinas, 1 rollo de cinta de enmascarar, 1 bol\u00edgrafo de gel y 1 l\u00e1piz, 3 borradores y mini blocs.<\/p>\n<p><p><strong>Material : <\/strong> Papel y Cart\u00f3n FSC<\/p>\n<p><strong>C\u00f3digo Aukinko : <\/strong> 14-53678<\/p>\n<p><strong>C\u00f3digo Convenio Marco : <\/strong> x<\/p>\n","protected":false},"excerpt":{"rendered":"<p>Los y las peque\u00f1as escritoras disfrutar\u00e1n escribiendo ideas y pensamientos, o dibujando y decorando con las hermosas pegatinas de este gran kit de manualidades Lovely Paper de Djeco. Esta gran colecci\u00f3n de papeler\u00eda refinada, delicada y bellamente ilustrada viene en una bonita caja ilustrada con ventana y tapa con acabado brillante con detalles met\u00e1licos. Todo [&hellip;]<\/p>\n","protected":false},"featured_media":629795,"comment_status":"open","ping_status":"closed","template":"","meta":{"_et_pb_use_builder":"","_et_pb_old_content":"","_et_gb_content_width":""},"product_brand":[],"product_cat":[21],"product_tag":[],"class_list":{"0":"post-633843","1":"product","2":"type-product","3":"status-publish","4":"has-post-thumbnail","6":"product_cat-arte-y-manipulacion","7":"pa_edad-10-anos","8":"pa_edad-6-a-8-anos","9":"pa_edad-8-a-10-anos","10":"pa_marca-djeco","11":"pa_medidas-18-x-15","12":"pa_medidas-5-x-3-cm","14":"first","15":"instock","16":"shipping-taxable","17":"purchasable","18":"product-type-simple"},"aioseo_notices":[],"_links":{"self":[{"href":"https:\/\/aukinkochile.com\/web\/wp-json\/wp\/v2\/product\/633843","targetHints":{"allow":["GET"]}}],"collection":[{"href":"https:\/\/aukinkochile.com\/web\/wp-json\/wp\/v2\/product"}],"about":[{"href":"https:\/\/aukinkochile.com\/web\/wp-json\/wp\/v2\/types\/product"}],"replies":[{"embeddable":true,"href":"https:\/\/aukinkochile.com\/web\/wp-json\/wp\/v2\/comments?post=633843"}],"wp:featuredmedia":[{"embeddable":true,"href":"https:\/\/aukinkochile.com\/web\/wp-json\/wp\/v2\/media\/629795"}],"wp:attachment":[{"href":"https:\/\/aukinkochile.com\/web\/wp-json\/wp\/v2\/media?parent=633843"}],"wp:term":[{"taxonomy":"product_brand","embeddable":true,"href":"https:\/\/aukinkochile.com\/web\/wp-json\/wp\/v2\/product_brand?post=633843"},{"taxonomy":"product_cat","embeddable":true,"href":"https:\/\/aukinkochile.com\/web\/wp-json\/wp\/v2\/product_cat?post=633843"},{"taxonomy":"product_tag","embeddable":true,"href":"https:\/\/aukinkochile.com\/web\/wp-json\/wp\/v2\/product_tag?post=633843"}],"curies":[{"name":"wp","href":"https:\/\/api.w.org\/{rel}","templated":true}]}}