{"id":633842,"date":"2026-02-23T16:32:47","date_gmt":"2026-02-23T16:32:47","guid":{"rendered":"https:\/\/aukinkochile.com\/web\/producto\/papeleria-set-en-caja-marie-2\/"},"modified":"2026-02-23T16:32:48","modified_gmt":"2026-02-23T16:32:48","slug":"papeleria-set-en-caja-marie-2","status":"publish","type":"product","link":"https:\/\/aukinkochile.com\/web\/producto\/papeleria-set-en-caja-marie-2\/","title":{"rendered":"Papeler\u00eda set en caja Marie"},"content":{"rendered":"<p>Completo set de cartas y escritura para pasar horas de diversi\u00f3n. Esta hermosa caja contiene una gran variedad de materiales para que los ni\u00f1os y ni\u00f1as creen las mas hermosas tarjetas. La caja incluye: 15 tarjetas peque\u00f1as, 15 sobres peque\u00f1os, 4 hojas de pegatinas, 1 roll de masking tape, 3 gomas de borrar, 1 l\u00e1piz de gel y un l\u00e1piz com\u00fan. Fabricado con papel y cart\u00f3n FSC certificado.<\/p>\n<p><p><strong>Material : <\/strong> Papel y Cart\u00f3n FSC<\/p>\n<p><strong>C\u00f3digo Aukinko : <\/strong> 14-53677<\/p>\n<p><strong>C\u00f3digo Convenio Marco : <\/strong> x<\/p>\n","protected":false},"excerpt":{"rendered":"<p>Completo set de cartas y escritura para pasar horas de diversi\u00f3n. Esta hermosa caja contiene una gran variedad de materiales para que los ni\u00f1os y ni\u00f1as creen las mas hermosas tarjetas. La caja incluye: 15 tarjetas peque\u00f1as, 15 sobres peque\u00f1os, 4 hojas de pegatinas, 1 roll de masking tape, 3 gomas de borrar, 1 l\u00e1piz [&hellip;]<\/p>\n","protected":false},"featured_media":623747,"comment_status":"open","ping_status":"closed","template":"","meta":{"_et_pb_use_builder":"","_et_pb_old_content":"","_et_gb_content_width":""},"product_brand":[],"product_cat":[21],"product_tag":[],"class_list":{"0":"post-633842","1":"product","2":"type-product","3":"status-publish","4":"has-post-thumbnail","6":"product_cat-arte-y-manipulacion","7":"pa_edad-10-anos","8":"pa_edad-6-a-8-anos","9":"pa_edad-8-a-10-anos","10":"pa_marca-djeco","11":"pa_medidas-5-x-3-cm","12":"pa_medidas-caja-18-x-15","14":"first","15":"instock","16":"shipping-taxable","17":"purchasable","18":"product-type-simple"},"aioseo_notices":[],"_links":{"self":[{"href":"https:\/\/aukinkochile.com\/web\/wp-json\/wp\/v2\/product\/633842","targetHints":{"allow":["GET"]}}],"collection":[{"href":"https:\/\/aukinkochile.com\/web\/wp-json\/wp\/v2\/product"}],"about":[{"href":"https:\/\/aukinkochile.com\/web\/wp-json\/wp\/v2\/types\/product"}],"replies":[{"embeddable":true,"href":"https:\/\/aukinkochile.com\/web\/wp-json\/wp\/v2\/comments?post=633842"}],"wp:featuredmedia":[{"embeddable":true,"href":"https:\/\/aukinkochile.com\/web\/wp-json\/wp\/v2\/media\/623747"}],"wp:attachment":[{"href":"https:\/\/aukinkochile.com\/web\/wp-json\/wp\/v2\/media?parent=633842"}],"wp:term":[{"taxonomy":"product_brand","embeddable":true,"href":"https:\/\/aukinkochile.com\/web\/wp-json\/wp\/v2\/product_brand?post=633842"},{"taxonomy":"product_cat","embeddable":true,"href":"https:\/\/aukinkochile.com\/web\/wp-json\/wp\/v2\/product_cat?post=633842"},{"taxonomy":"product_tag","embeddable":true,"href":"https:\/\/aukinkochile.com\/web\/wp-json\/wp\/v2\/product_tag?post=633842"}],"curies":[{"name":"wp","href":"https:\/\/api.w.org\/{rel}","templated":true}]}}