{"id":633841,"date":"2026-02-23T16:32:46","date_gmt":"2026-02-23T16:32:46","guid":{"rendered":"https:\/\/aukinkochile.com\/web\/producto\/diario-vida-y-lapiz-secretos-steve\/"},"modified":"2026-02-23T16:32:47","modified_gmt":"2026-02-23T16:32:47","slug":"diario-vida-y-lapiz-secretos-steve","status":"publish","type":"product","link":"https:\/\/aukinkochile.com\/web\/producto\/diario-vida-y-lapiz-secretos-steve\/","title":{"rendered":"Diario Vida y L\u00e1piz Secretos Steve"},"content":{"rendered":"<p>Hermoso diario de vida de Djeco decorado con las maravillosas ilustraciones de Djeco. El diario de vida de Djeco se cierra con un candado para que todos tus secretos solo los puedas ver t\u00fa. Incluye un bol\u00edgrafo m\u00e1gico que puede escribir con tinta invisible que solo se puede ver cuando iluminas la tinta invisible con la luz del bol\u00edgrafo. El diario contiene 86 p\u00e1ginas rayadas. Edad recomendada a partir de 8 a\u00f1os.<\/p>\n<p><p><strong>Material : <\/strong> Papel y Cart\u00f3n FSC<\/p>\n<p><strong>C\u00f3digo Aukinko : <\/strong> 14-53653<\/p>\n<p><strong>C\u00f3digo Convenio Marco : <\/strong> x<\/p>\n","protected":false},"excerpt":{"rendered":"<p>Hermoso diario de vida de Djeco decorado con las maravillosas ilustraciones de Djeco. El diario de vida de Djeco se cierra con un candado para que todos tus secretos solo los puedas ver t\u00fa. Incluye un bol\u00edgrafo m\u00e1gico que puede escribir con tinta invisible que solo se puede ver cuando iluminas la tinta invisible con [&hellip;]<\/p>\n","protected":false},"featured_media":629789,"comment_status":"open","ping_status":"closed","template":"","meta":{"_et_pb_use_builder":"","_et_pb_old_content":"","_et_gb_content_width":""},"product_brand":[],"product_cat":[21],"product_tag":[],"class_list":{"0":"post-633841","1":"product","2":"type-product","3":"status-publish","4":"has-post-thumbnail","6":"product_cat-arte-y-manipulacion","7":"pa_edad-10-anos","8":"pa_edad-6-a-8-anos","9":"pa_edad-8-a-10-anos","10":"pa_marca-djeco","11":"pa_medidas-16-x-20-x-2-cm","13":"first","14":"instock","15":"shipping-taxable","16":"purchasable","17":"product-type-simple"},"aioseo_notices":[],"_links":{"self":[{"href":"https:\/\/aukinkochile.com\/web\/wp-json\/wp\/v2\/product\/633841","targetHints":{"allow":["GET"]}}],"collection":[{"href":"https:\/\/aukinkochile.com\/web\/wp-json\/wp\/v2\/product"}],"about":[{"href":"https:\/\/aukinkochile.com\/web\/wp-json\/wp\/v2\/types\/product"}],"replies":[{"embeddable":true,"href":"https:\/\/aukinkochile.com\/web\/wp-json\/wp\/v2\/comments?post=633841"}],"wp:featuredmedia":[{"embeddable":true,"href":"https:\/\/aukinkochile.com\/web\/wp-json\/wp\/v2\/media\/629789"}],"wp:attachment":[{"href":"https:\/\/aukinkochile.com\/web\/wp-json\/wp\/v2\/media?parent=633841"}],"wp:term":[{"taxonomy":"product_brand","embeddable":true,"href":"https:\/\/aukinkochile.com\/web\/wp-json\/wp\/v2\/product_brand?post=633841"},{"taxonomy":"product_cat","embeddable":true,"href":"https:\/\/aukinkochile.com\/web\/wp-json\/wp\/v2\/product_cat?post=633841"},{"taxonomy":"product_tag","embeddable":true,"href":"https:\/\/aukinkochile.com\/web\/wp-json\/wp\/v2\/product_tag?post=633841"}],"curies":[{"name":"wp","href":"https:\/\/api.w.org\/{rel}","templated":true}]}}