{"id":633838,"date":"2026-02-23T16:32:42","date_gmt":"2026-02-23T16:32:42","guid":{"rendered":"https:\/\/aukinkochile.com\/web\/producto\/papeleria-set-en-caja-charlotte\/"},"modified":"2026-02-23T16:32:43","modified_gmt":"2026-02-23T16:32:43","slug":"papeleria-set-en-caja-charlotte","status":"publish","type":"product","link":"https:\/\/aukinkochile.com\/web\/producto\/papeleria-set-en-caja-charlotte\/","title":{"rendered":"Papeler\u00eda set en caja Charlotte"},"content":{"rendered":"<p>Hermoso set de papeler\u00eda en una hermosa caja. Un magnifico set lleno de todo lo que se puede necesitar. Hermosas ilustraciones y dise\u00f1o funcional. Contiene 1 cuaderno, 2 cuadernos peque\u00f1os, 5 marcadores, 6 hojas con stickers, 6 hojas de calcoman\u00edas, 10 tarjetas y sobres, 1 rollo se scotch, 1 borrador y 1 l\u00e1piz.<\/p>\n<p><p><strong>Material : <\/strong> Papel, Cart\u00f3n y Pl\u00e1stico<\/p>\n<p><strong>C\u00f3digo Aukinko : <\/strong> 14-53502<\/p>\n<p><strong>C\u00f3digo Convenio Marco : <\/strong> x<\/p>\n","protected":false},"excerpt":{"rendered":"<p>Hermoso set de papeler\u00eda en una hermosa caja. Un magnifico set lleno de todo lo que se puede necesitar. Hermosas ilustraciones y dise\u00f1o funcional. Contiene 1 cuaderno, 2 cuadernos peque\u00f1os, 5 marcadores, 6 hojas con stickers, 6 hojas de calcoman\u00edas, 10 tarjetas y sobres, 1 rollo se scotch, 1 borrador y 1 l\u00e1piz. Material : [&hellip;]<\/p>\n","protected":false},"featured_media":623703,"comment_status":"open","ping_status":"closed","template":"","meta":{"_et_pb_use_builder":"","_et_pb_old_content":"","_et_gb_content_width":""},"product_brand":[],"product_cat":[21],"product_tag":[],"class_list":{"0":"post-633838","1":"product","2":"type-product","3":"status-publish","4":"has-post-thumbnail","6":"product_cat-arte-y-manipulacion","7":"pa_edad-10-anos","8":"pa_edad-5-a-6-anos","9":"pa_edad-6-a-8-anos","10":"pa_edad-8-a-10-anos","11":"pa_marca-djeco","12":"pa_medidas-22-x-18-x-6-cm","14":"first","15":"instock","16":"shipping-taxable","17":"purchasable","18":"product-type-simple"},"aioseo_notices":[],"_links":{"self":[{"href":"https:\/\/aukinkochile.com\/web\/wp-json\/wp\/v2\/product\/633838","targetHints":{"allow":["GET"]}}],"collection":[{"href":"https:\/\/aukinkochile.com\/web\/wp-json\/wp\/v2\/product"}],"about":[{"href":"https:\/\/aukinkochile.com\/web\/wp-json\/wp\/v2\/types\/product"}],"replies":[{"embeddable":true,"href":"https:\/\/aukinkochile.com\/web\/wp-json\/wp\/v2\/comments?post=633838"}],"wp:featuredmedia":[{"embeddable":true,"href":"https:\/\/aukinkochile.com\/web\/wp-json\/wp\/v2\/media\/623703"}],"wp:attachment":[{"href":"https:\/\/aukinkochile.com\/web\/wp-json\/wp\/v2\/media?parent=633838"}],"wp:term":[{"taxonomy":"product_brand","embeddable":true,"href":"https:\/\/aukinkochile.com\/web\/wp-json\/wp\/v2\/product_brand?post=633838"},{"taxonomy":"product_cat","embeddable":true,"href":"https:\/\/aukinkochile.com\/web\/wp-json\/wp\/v2\/product_cat?post=633838"},{"taxonomy":"product_tag","embeddable":true,"href":"https:\/\/aukinkochile.com\/web\/wp-json\/wp\/v2\/product_tag?post=633838"}],"curies":[{"name":"wp","href":"https:\/\/api.w.org\/{rel}","templated":true}]}}