{"id":633836,"date":"2026-02-23T16:32:39","date_gmt":"2026-02-23T16:32:39","guid":{"rendered":"https:\/\/aukinkochile.com\/web\/producto\/luz-bola-mini-rosada-c-u\/"},"modified":"2026-02-23T16:32:40","modified_gmt":"2026-02-23T16:32:40","slug":"luz-bola-mini-rosada-c-u","status":"publish","type":"product","link":"https:\/\/aukinkochile.com\/web\/producto\/luz-bola-mini-rosada-c-u\/","title":{"rendered":"Luz Bola mini Rosada c\/u"},"content":{"rendered":"<p>Hermosa bola de nieve coleccionable, solo debes sacudirla para observar su magia. Con tres modelos surtidos con preciosos dise\u00f1os. Precio por unidad<\/p>\n<p><p><strong>Material : <\/strong> Pl\u00e1stico y Vidrio<\/p>\n<p><strong>C\u00f3digo Aukinko : <\/strong> 14-53440<\/p>\n<p><strong>C\u00f3digo Convenio Marco : <\/strong> x<\/p>\n","protected":false},"excerpt":{"rendered":"<p>Hermosa bola de nieve coleccionable, solo debes sacudirla para observar su magia. Con tres modelos surtidos con preciosos dise\u00f1os. Precio por unidad Material : Pl\u00e1stico y Vidrio C\u00f3digo Aukinko : 14-53440 C\u00f3digo Convenio Marco : x<\/p>\n","protected":false},"featured_media":623697,"comment_status":"open","ping_status":"closed","template":"","meta":{"_et_pb_use_builder":"","_et_pb_old_content":"","_et_gb_content_width":""},"product_brand":[],"product_cat":[21],"product_tag":[],"class_list":{"0":"post-633836","1":"product","2":"type-product","3":"status-publish","4":"has-post-thumbnail","6":"product_cat-arte-y-manipulacion","7":"pa_edad-0-a-1-ano","8":"pa_edad-1-a-2-anos","9":"pa_edad-10-anos","10":"pa_edad-2-a-3-anos","11":"pa_edad-3-a-4-anos","12":"pa_edad-4-a-5-anos","13":"pa_edad-5-a-6-anos","14":"pa_edad-6-a-8-anos","15":"pa_edad-8-a-10-anos","16":"pa_marca-djeco","17":"pa_medidas-4521","18":"pa_medidas-5-x-6-cm","20":"first","21":"instock","22":"shipping-taxable","23":"purchasable","24":"product-type-simple"},"aioseo_notices":[],"_links":{"self":[{"href":"https:\/\/aukinkochile.com\/web\/wp-json\/wp\/v2\/product\/633836","targetHints":{"allow":["GET"]}}],"collection":[{"href":"https:\/\/aukinkochile.com\/web\/wp-json\/wp\/v2\/product"}],"about":[{"href":"https:\/\/aukinkochile.com\/web\/wp-json\/wp\/v2\/types\/product"}],"replies":[{"embeddable":true,"href":"https:\/\/aukinkochile.com\/web\/wp-json\/wp\/v2\/comments?post=633836"}],"wp:featuredmedia":[{"embeddable":true,"href":"https:\/\/aukinkochile.com\/web\/wp-json\/wp\/v2\/media\/623697"}],"wp:attachment":[{"href":"https:\/\/aukinkochile.com\/web\/wp-json\/wp\/v2\/media?parent=633836"}],"wp:term":[{"taxonomy":"product_brand","embeddable":true,"href":"https:\/\/aukinkochile.com\/web\/wp-json\/wp\/v2\/product_brand?post=633836"},{"taxonomy":"product_cat","embeddable":true,"href":"https:\/\/aukinkochile.com\/web\/wp-json\/wp\/v2\/product_cat?post=633836"},{"taxonomy":"product_tag","embeddable":true,"href":"https:\/\/aukinkochile.com\/web\/wp-json\/wp\/v2\/product_tag?post=633836"}],"curies":[{"name":"wp","href":"https:\/\/api.w.org\/{rel}","templated":true}]}}