{"id":633832,"date":"2026-02-23T16:32:34","date_gmt":"2026-02-23T16:32:34","guid":{"rendered":"https:\/\/aukinkochile.com\/web\/producto\/puzle-100-pz-granja-1-figura\/"},"modified":"2026-02-23T16:32:36","modified_gmt":"2026-02-23T16:32:36","slug":"puzle-100-pz-granja-1-figura","status":"publish","type":"product","link":"https:\/\/aukinkochile.com\/web\/producto\/puzle-100-pz-granja-1-figura\/","title":{"rendered":"Puzle 100 pz Granja + 1 Figura"},"content":{"rendered":"<p>Puzle de 100 piezas con hermosas ilustraciones y colores vivos. incluye una figura sorpresa de Schleich. de material suave y resistente. Dimensiones puzle armado 36,1 x 24,3 cm.<\/p>\n<p><p><strong>Material : <\/strong> Cart\u00f3n Grueso<\/p>\n<p><strong>C\u00f3digo Aukinko : <\/strong> 13-256404<\/p>\n<p><strong>C\u00f3digo Convenio Marco : <\/strong> x<\/p>\n","protected":false},"excerpt":{"rendered":"<p>Puzle de 100 piezas con hermosas ilustraciones y colores vivos. incluye una figura sorpresa de Schleich. de material suave y resistente. Dimensiones puzle armado 36,1 x 24,3 cm. Material : Cart\u00f3n Grueso C\u00f3digo Aukinko : 13-256404 C\u00f3digo Convenio Marco : x<\/p>\n","protected":false},"featured_media":627277,"comment_status":"open","ping_status":"closed","template":"","meta":{"_et_pb_use_builder":"","_et_pb_old_content":"","_et_gb_content_width":""},"product_brand":[],"product_cat":[22],"product_tag":[],"class_list":{"0":"post-633832","1":"product","2":"type-product","3":"status-publish","4":"has-post-thumbnail","6":"product_cat-puzzles","7":"pa_edad-10-anos","8":"pa_edad-6-a-8-anos","9":"pa_edad-8-a-10-anos","10":"pa_marca-schmidt","11":"pa_medidas-1-x-3","12":"pa_medidas-4394","13":"pa_medidas-5-x-19","14":"pa_medidas-6-cm","16":"first","17":"instock","18":"shipping-taxable","19":"purchasable","20":"product-type-simple"},"aioseo_notices":[],"_links":{"self":[{"href":"https:\/\/aukinkochile.com\/web\/wp-json\/wp\/v2\/product\/633832","targetHints":{"allow":["GET"]}}],"collection":[{"href":"https:\/\/aukinkochile.com\/web\/wp-json\/wp\/v2\/product"}],"about":[{"href":"https:\/\/aukinkochile.com\/web\/wp-json\/wp\/v2\/types\/product"}],"replies":[{"embeddable":true,"href":"https:\/\/aukinkochile.com\/web\/wp-json\/wp\/v2\/comments?post=633832"}],"wp:featuredmedia":[{"embeddable":true,"href":"https:\/\/aukinkochile.com\/web\/wp-json\/wp\/v2\/media\/627277"}],"wp:attachment":[{"href":"https:\/\/aukinkochile.com\/web\/wp-json\/wp\/v2\/media?parent=633832"}],"wp:term":[{"taxonomy":"product_brand","embeddable":true,"href":"https:\/\/aukinkochile.com\/web\/wp-json\/wp\/v2\/product_brand?post=633832"},{"taxonomy":"product_cat","embeddable":true,"href":"https:\/\/aukinkochile.com\/web\/wp-json\/wp\/v2\/product_cat?post=633832"},{"taxonomy":"product_tag","embeddable":true,"href":"https:\/\/aukinkochile.com\/web\/wp-json\/wp\/v2\/product_tag?post=633832"}],"curies":[{"name":"wp","href":"https:\/\/api.w.org\/{rel}","templated":true}]}}