{"id":633820,"date":"2026-02-23T16:32:19","date_gmt":"2026-02-23T16:32:19","guid":{"rendered":"https:\/\/aukinkochile.com\/web\/producto\/muneco-etni-nina-abroches-europea\/"},"modified":"2026-02-23T16:32:20","modified_gmt":"2026-02-23T16:32:20","slug":"muneco-etni-nina-abroches-europea","status":"publish","type":"product","link":"https:\/\/aukinkochile.com\/web\/producto\/muneco-etni-nina-abroches-europea\/","title":{"rendered":"Mu\u00f1eco Etni Ni\u00f1a Abroches Europea"},"content":{"rendered":"<p>Mu\u00f1ecos que favorecen el desarrollo de la destreza manual. manipul\u00e1ndolos el ni\u00f1o aprender\u00e1 a vestirse y desvestirse solito. tambi\u00e9n desarrollan sentimiento de afecto y de respeto hacia los dem\u00e1s: mu\u00f1ecos blanditos de agradable y novedoso dise\u00f1o.<\/p>\n<p><p><strong>Material : <\/strong> Plus y Genero<\/p>\n<p><strong>C\u00f3digo Aukinko : <\/strong> 12-296302<\/p>\n<p><strong>C\u00f3digo Convenio Marco : <\/strong> x<\/p>\n","protected":false},"excerpt":{"rendered":"<p>Mu\u00f1ecos que favorecen el desarrollo de la destreza manual. manipul\u00e1ndolos el ni\u00f1o aprender\u00e1 a vestirse y desvestirse solito. tambi\u00e9n desarrollan sentimiento de afecto y de respeto hacia los dem\u00e1s: mu\u00f1ecos blanditos de agradable y novedoso dise\u00f1o. Material : Plus y Genero C\u00f3digo Aukinko : 12-296302 C\u00f3digo Convenio Marco : x<\/p>\n","protected":false},"featured_media":633819,"comment_status":"open","ping_status":"closed","template":"","meta":{"_et_pb_use_builder":"","_et_pb_old_content":"","_et_gb_content_width":""},"product_brand":[],"product_cat":[17,212],"product_tag":[],"class_list":{"0":"post-633820","1":"product","2":"type-product","3":"status-publish","4":"has-post-thumbnail","6":"product_cat-juegos-de-rol","7":"product_cat-munecos-y-figuras","8":"pa_edad-1-a-2-anos","9":"pa_edad-2-a-3-anos","10":"pa_edad-3-a-4-anos","11":"pa_edad-4-a-5-anos","12":"pa_marca-miniland","13":"pa_medidas-40-cm","15":"first","16":"instock","17":"sale","18":"shipping-taxable","19":"purchasable","20":"product-type-simple"},"aioseo_notices":[],"_links":{"self":[{"href":"https:\/\/aukinkochile.com\/web\/wp-json\/wp\/v2\/product\/633820","targetHints":{"allow":["GET"]}}],"collection":[{"href":"https:\/\/aukinkochile.com\/web\/wp-json\/wp\/v2\/product"}],"about":[{"href":"https:\/\/aukinkochile.com\/web\/wp-json\/wp\/v2\/types\/product"}],"replies":[{"embeddable":true,"href":"https:\/\/aukinkochile.com\/web\/wp-json\/wp\/v2\/comments?post=633820"}],"wp:featuredmedia":[{"embeddable":true,"href":"https:\/\/aukinkochile.com\/web\/wp-json\/wp\/v2\/media\/633819"}],"wp:attachment":[{"href":"https:\/\/aukinkochile.com\/web\/wp-json\/wp\/v2\/media?parent=633820"}],"wp:term":[{"taxonomy":"product_brand","embeddable":true,"href":"https:\/\/aukinkochile.com\/web\/wp-json\/wp\/v2\/product_brand?post=633820"},{"taxonomy":"product_cat","embeddable":true,"href":"https:\/\/aukinkochile.com\/web\/wp-json\/wp\/v2\/product_cat?post=633820"},{"taxonomy":"product_tag","embeddable":true,"href":"https:\/\/aukinkochile.com\/web\/wp-json\/wp\/v2\/product_tag?post=633820"}],"curies":[{"name":"wp","href":"https:\/\/api.w.org\/{rel}","templated":true}]}}