{"id":633818,"date":"2026-02-23T16:32:17","date_gmt":"2026-02-23T16:32:17","guid":{"rendered":"https:\/\/aukinkochile.com\/web\/producto\/ropa-muneca-conjunto-jeans-21-cm\/"},"modified":"2026-02-23T16:32:19","modified_gmt":"2026-02-23T16:32:19","slug":"ropa-muneca-conjunto-jeans-21-cm","status":"publish","type":"product","link":"https:\/\/aukinkochile.com\/web\/producto\/ropa-muneca-conjunto-jeans-21-cm\/","title":{"rendered":"Ropa Mu\u00f1eca Conjunto Jeans 21 Cm"},"content":{"rendered":"<p>Colecci\u00f3n de ropa que propone una clasificacion de vestidos teniendo en cuenta los fenomenos atmosfericos y situaciones concretas del dia a dia de los ni\u00f1os. presentando diferentes tipos de abroches para favorecer la motricidad.<\/p>\n<p><p><strong>Material : <\/strong> GENERO<\/p>\n<p><strong>C\u00f3digo Aukinko : <\/strong> 12-231679<\/p>\n<p><strong>C\u00f3digo Convenio Marco : <\/strong> <\/p>\n","protected":false},"excerpt":{"rendered":"<p>Colecci\u00f3n de ropa que propone una clasificacion de vestidos teniendo en cuenta los fenomenos atmosfericos y situaciones concretas del dia a dia de los ni\u00f1os. presentando diferentes tipos de abroches para favorecer la motricidad. Material : GENERO C\u00f3digo Aukinko : 12-231679 C\u00f3digo Convenio Marco :<\/p>\n","protected":false},"featured_media":570282,"comment_status":"open","ping_status":"closed","template":"","meta":{"_et_pb_use_builder":"","_et_pb_old_content":"","_et_gb_content_width":""},"product_brand":[],"product_cat":[17],"product_tag":[],"class_list":{"0":"post-633818","1":"product","2":"type-product","3":"status-publish","4":"has-post-thumbnail","6":"product_cat-juegos-de-rol","7":"pa_edad-2-a-3-anos","8":"pa_edad-3-a-4-anos","9":"pa_edad-4-a-5-anos","10":"pa_edad-5-a-6-anos","11":"pa_edad-6-a-8-anos","12":"pa_marca-miniland","13":"pa_medidas-para-munecas-de-21-cm","15":"first","16":"instock","17":"shipping-taxable","18":"purchasable","19":"product-type-simple"},"aioseo_notices":[],"_links":{"self":[{"href":"https:\/\/aukinkochile.com\/web\/wp-json\/wp\/v2\/product\/633818","targetHints":{"allow":["GET"]}}],"collection":[{"href":"https:\/\/aukinkochile.com\/web\/wp-json\/wp\/v2\/product"}],"about":[{"href":"https:\/\/aukinkochile.com\/web\/wp-json\/wp\/v2\/types\/product"}],"replies":[{"embeddable":true,"href":"https:\/\/aukinkochile.com\/web\/wp-json\/wp\/v2\/comments?post=633818"}],"wp:featuredmedia":[{"embeddable":true,"href":"https:\/\/aukinkochile.com\/web\/wp-json\/wp\/v2\/media\/570282"}],"wp:attachment":[{"href":"https:\/\/aukinkochile.com\/web\/wp-json\/wp\/v2\/media?parent=633818"}],"wp:term":[{"taxonomy":"product_brand","embeddable":true,"href":"https:\/\/aukinkochile.com\/web\/wp-json\/wp\/v2\/product_brand?post=633818"},{"taxonomy":"product_cat","embeddable":true,"href":"https:\/\/aukinkochile.com\/web\/wp-json\/wp\/v2\/product_cat?post=633818"},{"taxonomy":"product_tag","embeddable":true,"href":"https:\/\/aukinkochile.com\/web\/wp-json\/wp\/v2\/product_tag?post=633818"}],"curies":[{"name":"wp","href":"https:\/\/api.w.org\/{rel}","templated":true}]}}