{"id":633816,"date":"2026-02-23T16:32:15","date_gmt":"2026-02-23T16:32:15","guid":{"rendered":"https:\/\/aukinkochile.com\/web\/producto\/guatero-semillas-peluche-dragon-25-cm\/"},"modified":"2026-02-23T16:32:16","modified_gmt":"2026-02-23T16:32:16","slug":"guatero-semillas-peluche-dragon-25-cm","status":"publish","type":"product","link":"https:\/\/aukinkochile.com\/web\/producto\/guatero-semillas-peluche-dragon-25-cm\/","title":{"rendered":"Guatero Semillas Peluche Dragon 25 cm"},"content":{"rendered":"<p>Dentro de este colorido drag\u00f3n hay un secreto precioso: una bolsa de semillas de origen certificado que se puede calentar en el horno tradicional o microondas para dar calor a los m\u00e1s peque\u00f1os y las m\u00e1s peque\u00f1as mientras lo abrazan. El peluche se puede lavar a m\u00e1quina, la bolsa interior de semillas no debe lavarse y debe guardarse siempre en un lugar seco y fresco. Fabricado en material de primera calidad.<\/p>\n<p><p><strong>Material : <\/strong> Felpa<\/p>\n<p><strong>C\u00f3digo Aukinko : <\/strong> 11-719373<\/p>\n<p><strong>C\u00f3digo Convenio Marco : <\/strong> x<\/p>\n","protected":false},"excerpt":{"rendered":"<p>Dentro de este colorido drag\u00f3n hay un secreto precioso: una bolsa de semillas de origen certificado que se puede calentar en el horno tradicional o microondas para dar calor a los m\u00e1s peque\u00f1os y las m\u00e1s peque\u00f1as mientras lo abrazan. El peluche se puede lavar a m\u00e1quina, la bolsa interior de semillas no debe lavarse [&hellip;]<\/p>\n","protected":false},"featured_media":633815,"comment_status":"open","ping_status":"closed","template":"","meta":{"_et_pb_use_builder":"","_et_pb_old_content":"","_et_gb_content_width":""},"product_brand":[],"product_cat":[212],"product_tag":[],"class_list":{"0":"post-633816","1":"product","2":"type-product","3":"status-publish","4":"has-post-thumbnail","6":"product_cat-munecos-y-figuras","7":"pa_edad-10-anos","8":"pa_edad-2-a-3-anos","9":"pa_edad-3-a-4-anos","10":"pa_edad-4-a-5-anos","11":"pa_edad-5-a-6-anos","12":"pa_edad-6-a-8-anos","13":"pa_edad-8-a-10-anos","14":"pa_marca-trudi","15":"pa_medidas-25-cm","17":"first","18":"instock","19":"shipping-taxable","20":"purchasable","21":"product-type-simple"},"aioseo_notices":[],"_links":{"self":[{"href":"https:\/\/aukinkochile.com\/web\/wp-json\/wp\/v2\/product\/633816","targetHints":{"allow":["GET"]}}],"collection":[{"href":"https:\/\/aukinkochile.com\/web\/wp-json\/wp\/v2\/product"}],"about":[{"href":"https:\/\/aukinkochile.com\/web\/wp-json\/wp\/v2\/types\/product"}],"replies":[{"embeddable":true,"href":"https:\/\/aukinkochile.com\/web\/wp-json\/wp\/v2\/comments?post=633816"}],"wp:featuredmedia":[{"embeddable":true,"href":"https:\/\/aukinkochile.com\/web\/wp-json\/wp\/v2\/media\/633815"}],"wp:attachment":[{"href":"https:\/\/aukinkochile.com\/web\/wp-json\/wp\/v2\/media?parent=633816"}],"wp:term":[{"taxonomy":"product_brand","embeddable":true,"href":"https:\/\/aukinkochile.com\/web\/wp-json\/wp\/v2\/product_brand?post=633816"},{"taxonomy":"product_cat","embeddable":true,"href":"https:\/\/aukinkochile.com\/web\/wp-json\/wp\/v2\/product_cat?post=633816"},{"taxonomy":"product_tag","embeddable":true,"href":"https:\/\/aukinkochile.com\/web\/wp-json\/wp\/v2\/product_tag?post=633816"}],"curies":[{"name":"wp","href":"https:\/\/api.w.org\/{rel}","templated":true}]}}