{"id":633810,"date":"2026-02-23T16:32:10","date_gmt":"2026-02-23T16:32:10","guid":{"rendered":"https:\/\/aukinkochile.com\/web\/producto\/movil-pavo-real-madera\/"},"modified":"2026-02-23T16:32:11","modified_gmt":"2026-02-23T16:32:11","slug":"movil-pavo-real-madera","status":"publish","type":"product","link":"https:\/\/aukinkochile.com\/web\/producto\/movil-pavo-real-madera\/","title":{"rendered":"Movil Pavo Real Madera"},"content":{"rendered":"<p>Este es un hermoso m\u00f3vil de madera de un bello p\u00e1jaro salvaje que volar\u00e1 por tu pieza con su poes\u00eda y ternura.\u00a0un maravilloso\u00a0objeto decorativo. de material suave y resistente.<\/p>\n<p><p><strong>Material : <\/strong> MADERA<\/p>\n<p><strong>C\u00f3digo Aukinko : <\/strong> 10-28559<\/p>\n<p><strong>C\u00f3digo Convenio Marco : <\/strong> <\/p>\n","protected":false},"excerpt":{"rendered":"<p>Este es un hermoso m\u00f3vil de madera de un bello p\u00e1jaro salvaje que volar\u00e1 por tu pieza con su poes\u00eda y ternura.\u00a0un maravilloso\u00a0objeto decorativo. de material suave y resistente. Material : MADERA C\u00f3digo Aukinko : 10-28559 C\u00f3digo Convenio Marco :<\/p>\n","protected":false},"featured_media":589829,"comment_status":"open","ping_status":"closed","template":"","meta":{"_et_pb_use_builder":"","_et_pb_old_content":"","_et_gb_content_width":""},"product_brand":[],"product_cat":[21],"product_tag":[],"class_list":{"0":"post-633810","1":"product","2":"type-product","3":"status-publish","4":"has-post-thumbnail","6":"product_cat-arte-y-manipulacion","7":"pa_edad-0-a-1-ano","8":"pa_edad-1-a-2-anos","9":"pa_edad-2-a-3-anos","10":"pa_edad-3-a-4-anos","11":"pa_edad-4-a-5-anos","12":"pa_edad-5-a-6-anos","13":"pa_edad-6-a-8-anos","14":"pa_edad-8-a-10-anos","15":"pa_marca-vilac","16":"pa_medidas-70-x-35-x-10-cm","18":"first","19":"instock","20":"shipping-taxable","21":"purchasable","22":"product-type-simple"},"aioseo_notices":[],"_links":{"self":[{"href":"https:\/\/aukinkochile.com\/web\/wp-json\/wp\/v2\/product\/633810","targetHints":{"allow":["GET"]}}],"collection":[{"href":"https:\/\/aukinkochile.com\/web\/wp-json\/wp\/v2\/product"}],"about":[{"href":"https:\/\/aukinkochile.com\/web\/wp-json\/wp\/v2\/types\/product"}],"replies":[{"embeddable":true,"href":"https:\/\/aukinkochile.com\/web\/wp-json\/wp\/v2\/comments?post=633810"}],"wp:featuredmedia":[{"embeddable":true,"href":"https:\/\/aukinkochile.com\/web\/wp-json\/wp\/v2\/media\/589829"}],"wp:attachment":[{"href":"https:\/\/aukinkochile.com\/web\/wp-json\/wp\/v2\/media?parent=633810"}],"wp:term":[{"taxonomy":"product_brand","embeddable":true,"href":"https:\/\/aukinkochile.com\/web\/wp-json\/wp\/v2\/product_brand?post=633810"},{"taxonomy":"product_cat","embeddable":true,"href":"https:\/\/aukinkochile.com\/web\/wp-json\/wp\/v2\/product_cat?post=633810"},{"taxonomy":"product_tag","embeddable":true,"href":"https:\/\/aukinkochile.com\/web\/wp-json\/wp\/v2\/product_tag?post=633810"}],"curies":[{"name":"wp","href":"https:\/\/api.w.org\/{rel}","templated":true}]}}