{"id":633808,"date":"2026-02-23T16:32:07","date_gmt":"2026-02-23T16:32:07","guid":{"rendered":"https:\/\/aukinkochile.com\/web\/producto\/juego-de-mesa-lotto\/"},"modified":"2026-02-23T16:32:08","modified_gmt":"2026-02-23T16:32:08","slug":"juego-de-mesa-lotto","status":"publish","type":"product","link":"https:\/\/aukinkochile.com\/web\/producto\/juego-de-mesa-lotto\/","title":{"rendered":"Juego de Mesa Lotto"},"content":{"rendered":"<p>Juego loto con caja de  madera. Con fichas pl\u00e1sticas y n\u00fameros de madera. Cl\u00e1sico juego de loter\u00eda en excelente calidad y dise\u00f1o.<\/p>\n<p><p><strong>Material : <\/strong> Madera, Cart\u00f3n y Pl\u00e1stico<\/p>\n<p><strong>C\u00f3digo Aukinko : <\/strong> 10-28139<\/p>\n<p><strong>C\u00f3digo Convenio Marco : <\/strong> x<\/p>\n","protected":false},"excerpt":{"rendered":"<p>Juego loto con caja de madera. Con fichas pl\u00e1sticas y n\u00fameros de madera. Cl\u00e1sico juego de loter\u00eda en excelente calidad y dise\u00f1o. Material : Madera, Cart\u00f3n y Pl\u00e1stico C\u00f3digo Aukinko : 10-28139 C\u00f3digo Convenio Marco : x<\/p>\n","protected":false},"featured_media":633807,"comment_status":"open","ping_status":"closed","template":"","meta":{"_et_pb_use_builder":"","_et_pb_old_content":"","_et_gb_content_width":""},"product_brand":[],"product_cat":[150,149],"product_tag":[],"class_list":{"0":"post-633808","1":"product","2":"type-product","3":"status-publish","4":"has-post-thumbnail","6":"product_cat-asociacion-y-logica","7":"product_cat-juegos-de-mesa","8":"pa_edad-10-anos","9":"pa_edad-5-a-6-anos","10":"pa_edad-6-a-8-anos","11":"pa_edad-8-a-10-anos","12":"pa_marca-vilac","13":"pa_medidas-22-x-17","14":"pa_medidas-5-cm","15":"pa_medidas-5-x-5","17":"first","18":"instock","19":"shipping-taxable","20":"purchasable","21":"product-type-simple"},"aioseo_notices":[],"_links":{"self":[{"href":"https:\/\/aukinkochile.com\/web\/wp-json\/wp\/v2\/product\/633808","targetHints":{"allow":["GET"]}}],"collection":[{"href":"https:\/\/aukinkochile.com\/web\/wp-json\/wp\/v2\/product"}],"about":[{"href":"https:\/\/aukinkochile.com\/web\/wp-json\/wp\/v2\/types\/product"}],"replies":[{"embeddable":true,"href":"https:\/\/aukinkochile.com\/web\/wp-json\/wp\/v2\/comments?post=633808"}],"wp:featuredmedia":[{"embeddable":true,"href":"https:\/\/aukinkochile.com\/web\/wp-json\/wp\/v2\/media\/633807"}],"wp:attachment":[{"href":"https:\/\/aukinkochile.com\/web\/wp-json\/wp\/v2\/media?parent=633808"}],"wp:term":[{"taxonomy":"product_brand","embeddable":true,"href":"https:\/\/aukinkochile.com\/web\/wp-json\/wp\/v2\/product_brand?post=633808"},{"taxonomy":"product_cat","embeddable":true,"href":"https:\/\/aukinkochile.com\/web\/wp-json\/wp\/v2\/product_cat?post=633808"},{"taxonomy":"product_tag","embeddable":true,"href":"https:\/\/aukinkochile.com\/web\/wp-json\/wp\/v2\/product_tag?post=633808"}],"curies":[{"name":"wp","href":"https:\/\/api.w.org\/{rel}","templated":true}]}}