{"id":633806,"date":"2026-02-23T16:32:05","date_gmt":"2026-02-23T16:32:05","guid":{"rendered":"https:\/\/aukinkochile.com\/web\/producto\/decoracion-pajaro-carpintero\/"},"modified":"2026-02-23T16:32:07","modified_gmt":"2026-02-23T16:32:07","slug":"decoracion-pajaro-carpintero","status":"publish","type":"product","link":"https:\/\/aukinkochile.com\/web\/producto\/decoracion-pajaro-carpintero\/","title":{"rendered":"Decoraci\u00f3n P\u00e1jaro Carpintero"},"content":{"rendered":"<p>P\u00e1jaro carpintero de madera lacada que se mueve suavemente hacia abajo sobre la varilla de metal dando picotazos. Precio por unidad.<\/p>\n<p><p><strong>Material : <\/strong> Madera y Metal<\/p>\n<p><strong>C\u00f3digo Aukinko : <\/strong> 10-28060<\/p>\n<p><strong>C\u00f3digo Convenio Marco : <\/strong> x<\/p>\n","protected":false},"excerpt":{"rendered":"<p>P\u00e1jaro carpintero de madera lacada que se mueve suavemente hacia abajo sobre la varilla de metal dando picotazos. Precio por unidad. Material : Madera y Metal C\u00f3digo Aukinko : 10-28060 C\u00f3digo Convenio Marco : x<\/p>\n","protected":false},"featured_media":633805,"comment_status":"open","ping_status":"closed","template":"","meta":{"_et_pb_use_builder":"","_et_pb_old_content":"","_et_gb_content_width":""},"product_brand":[],"product_cat":[21],"product_tag":[],"class_list":{"0":"post-633806","1":"product","2":"type-product","3":"status-publish","4":"has-post-thumbnail","6":"product_cat-arte-y-manipulacion","7":"pa_edad-10-anos","8":"pa_edad-4-a-5-anos","9":"pa_edad-5-a-6-anos","10":"pa_edad-6-a-8-anos","11":"pa_edad-8-a-10-anos","12":"pa_marca-vilac","13":"pa_medidas-42-cm","15":"first","16":"instock","17":"shipping-taxable","18":"purchasable","19":"product-type-simple"},"aioseo_notices":[],"_links":{"self":[{"href":"https:\/\/aukinkochile.com\/web\/wp-json\/wp\/v2\/product\/633806","targetHints":{"allow":["GET"]}}],"collection":[{"href":"https:\/\/aukinkochile.com\/web\/wp-json\/wp\/v2\/product"}],"about":[{"href":"https:\/\/aukinkochile.com\/web\/wp-json\/wp\/v2\/types\/product"}],"replies":[{"embeddable":true,"href":"https:\/\/aukinkochile.com\/web\/wp-json\/wp\/v2\/comments?post=633806"}],"wp:featuredmedia":[{"embeddable":true,"href":"https:\/\/aukinkochile.com\/web\/wp-json\/wp\/v2\/media\/633805"}],"wp:attachment":[{"href":"https:\/\/aukinkochile.com\/web\/wp-json\/wp\/v2\/media?parent=633806"}],"wp:term":[{"taxonomy":"product_brand","embeddable":true,"href":"https:\/\/aukinkochile.com\/web\/wp-json\/wp\/v2\/product_brand?post=633806"},{"taxonomy":"product_cat","embeddable":true,"href":"https:\/\/aukinkochile.com\/web\/wp-json\/wp\/v2\/product_cat?post=633806"},{"taxonomy":"product_tag","embeddable":true,"href":"https:\/\/aukinkochile.com\/web\/wp-json\/wp\/v2\/product_tag?post=633806"}],"curies":[{"name":"wp","href":"https:\/\/api.w.org\/{rel}","templated":true}]}}