{"id":633803,"date":"2026-02-23T16:32:03","date_gmt":"2026-02-23T16:32:03","guid":{"rendered":"https:\/\/aukinkochile.com\/web\/producto\/libro-hola-conejito\/"},"modified":"2026-02-23T16:32:04","modified_gmt":"2026-02-23T16:32:04","slug":"libro-hola-conejito","status":"publish","type":"product","link":"https:\/\/aukinkochile.com\/web\/producto\/libro-hola-conejito\/","title":{"rendered":"Libro Hola Conejito"},"content":{"rendered":"<p>Buenos d\u00edas conejito describe el desarrollo de el d\u00eda del ni\u00f1o con colores y de manera interactiva. Gracias a la enorme cantidad de elementos m\u00f3viles y sorpresas, el conejito vive en cada pagina las fases de su d\u00eda, levantarse, desayunar, vestirse, jugar y muchas otras actividades. Es un libro muy \u00fatil para ense\u00f1ar a los ni\u00f1os la noci\u00f3n de tiempo.<\/p>\n<p><p><strong>Material : <\/strong> Plus<\/p>\n<p><strong>C\u00f3digo Aukinko : <\/strong> 09-786604<\/p>\n<p><strong>C\u00f3digo Convenio Marco : <\/strong> x<\/p>\n","protected":false},"excerpt":{"rendered":"<p>Buenos d\u00edas conejito describe el desarrollo de el d\u00eda del ni\u00f1o con colores y de manera interactiva. Gracias a la enorme cantidad de elementos m\u00f3viles y sorpresas, el conejito vive en cada pagina las fases de su d\u00eda, levantarse, desayunar, vestirse, jugar y muchas otras actividades. Es un libro muy \u00fatil para ense\u00f1ar a los [&hellip;]<\/p>\n","protected":false},"featured_media":633802,"comment_status":"open","ping_status":"closed","template":"","meta":{"_et_pb_use_builder":"","_et_pb_old_content":"","_et_gb_content_width":""},"product_brand":[],"product_cat":[151,23],"product_tag":[],"class_list":{"0":"post-633803","1":"product","2":"type-product","3":"status-publish","4":"has-post-thumbnail","6":"product_cat-lenguaje","7":"product_cat-primeros-anos","8":"pa_edad-0-a-1-ano","9":"pa_edad-1-a-2-anos","10":"pa_edad-2-a-3-anos","11":"pa_edad-3-a-4-anos","12":"pa_marca-lilliputiens","13":"pa_medidas-29-x-27-x-2-cm","15":"first","16":"instock","17":"shipping-taxable","18":"purchasable","19":"product-type-simple"},"aioseo_notices":[],"_links":{"self":[{"href":"https:\/\/aukinkochile.com\/web\/wp-json\/wp\/v2\/product\/633803","targetHints":{"allow":["GET"]}}],"collection":[{"href":"https:\/\/aukinkochile.com\/web\/wp-json\/wp\/v2\/product"}],"about":[{"href":"https:\/\/aukinkochile.com\/web\/wp-json\/wp\/v2\/types\/product"}],"replies":[{"embeddable":true,"href":"https:\/\/aukinkochile.com\/web\/wp-json\/wp\/v2\/comments?post=633803"}],"wp:featuredmedia":[{"embeddable":true,"href":"https:\/\/aukinkochile.com\/web\/wp-json\/wp\/v2\/media\/633802"}],"wp:attachment":[{"href":"https:\/\/aukinkochile.com\/web\/wp-json\/wp\/v2\/media?parent=633803"}],"wp:term":[{"taxonomy":"product_brand","embeddable":true,"href":"https:\/\/aukinkochile.com\/web\/wp-json\/wp\/v2\/product_brand?post=633803"},{"taxonomy":"product_cat","embeddable":true,"href":"https:\/\/aukinkochile.com\/web\/wp-json\/wp\/v2\/product_cat?post=633803"},{"taxonomy":"product_tag","embeddable":true,"href":"https:\/\/aukinkochile.com\/web\/wp-json\/wp\/v2\/product_tag?post=633803"}],"curies":[{"name":"wp","href":"https:\/\/api.w.org\/{rel}","templated":true}]}}