{"id":633801,"date":"2026-02-23T16:32:01","date_gmt":"2026-02-23T16:32:01","guid":{"rendered":"https:\/\/aukinkochile.com\/web\/producto\/juego-de-mesa-gigante-la-selva\/"},"modified":"2026-02-23T16:32:03","modified_gmt":"2026-02-23T16:32:03","slug":"juego-de-mesa-gigante-la-selva","status":"publish","type":"product","link":"https:\/\/aukinkochile.com\/web\/producto\/juego-de-mesa-gigante-la-selva\/","title":{"rendered":"Juego de Mesa Gigante La Selva"},"content":{"rendered":"<p>Sigue la ruta seg\u00fan dicte la ruleta. \u00bfQui\u00e9n ser\u00e1 el primero en llegar al tesoro? Juego de mesa de tama\u00f1o real en el que t\u00fa ser\u00e1s la ficha, los participantes son los personajes del juego. Diversi\u00f3n para toda la familia. Con este juego vers\u00e1til e interactivo, tanto ni\u00f1os como adultos podr\u00e1n jugar en casa o en exteriores. <\/p>\n<p><p><strong>Material : <\/strong> Genero<\/p>\n<p><strong>C\u00f3digo Aukinko : <\/strong> 09-785048<\/p>\n<p><strong>C\u00f3digo Convenio Marco : <\/strong> x<\/p>\n","protected":false},"excerpt":{"rendered":"<p>Sigue la ruta seg\u00fan dicte la ruleta. \u00bfQui\u00e9n ser\u00e1 el primero en llegar al tesoro? Juego de mesa de tama\u00f1o real en el que t\u00fa ser\u00e1s la ficha, los participantes son los personajes del juego. Diversi\u00f3n para toda la familia. Con este juego vers\u00e1til e interactivo, tanto ni\u00f1os como adultos podr\u00e1n jugar en casa o [&hellip;]<\/p>\n","protected":false},"featured_media":626874,"comment_status":"open","ping_status":"closed","template":"","meta":{"_et_pb_use_builder":"","_et_pb_old_content":"","_et_gb_content_width":""},"product_brand":[],"product_cat":[91,150,149],"product_tag":[],"class_list":{"0":"post-633801","1":"product","2":"type-product","3":"status-publish","4":"has-post-thumbnail","6":"product_cat-accesorios-sala","7":"product_cat-asociacion-y-logica","8":"product_cat-juegos-de-mesa","9":"pa_edad-2-a-3-anos","10":"pa_edad-3-a-4-anos","11":"pa_edad-4-a-5-anos","12":"pa_edad-5-a-6-anos","13":"pa_edad-6-a-8-anos","14":"pa_marca-lilliputiens","15":"pa_medidas-4410","16":"pa_medidas-5-x-26","17":"pa_medidas-5-x-5-cm","19":"first","20":"instock","21":"shipping-taxable","22":"purchasable","23":"product-type-simple"},"aioseo_notices":[],"_links":{"self":[{"href":"https:\/\/aukinkochile.com\/web\/wp-json\/wp\/v2\/product\/633801","targetHints":{"allow":["GET"]}}],"collection":[{"href":"https:\/\/aukinkochile.com\/web\/wp-json\/wp\/v2\/product"}],"about":[{"href":"https:\/\/aukinkochile.com\/web\/wp-json\/wp\/v2\/types\/product"}],"replies":[{"embeddable":true,"href":"https:\/\/aukinkochile.com\/web\/wp-json\/wp\/v2\/comments?post=633801"}],"wp:featuredmedia":[{"embeddable":true,"href":"https:\/\/aukinkochile.com\/web\/wp-json\/wp\/v2\/media\/626874"}],"wp:attachment":[{"href":"https:\/\/aukinkochile.com\/web\/wp-json\/wp\/v2\/media?parent=633801"}],"wp:term":[{"taxonomy":"product_brand","embeddable":true,"href":"https:\/\/aukinkochile.com\/web\/wp-json\/wp\/v2\/product_brand?post=633801"},{"taxonomy":"product_cat","embeddable":true,"href":"https:\/\/aukinkochile.com\/web\/wp-json\/wp\/v2\/product_cat?post=633801"},{"taxonomy":"product_tag","embeddable":true,"href":"https:\/\/aukinkochile.com\/web\/wp-json\/wp\/v2\/product_tag?post=633801"}],"curies":[{"name":"wp","href":"https:\/\/api.w.org\/{rel}","templated":true}]}}