{"id":633800,"date":"2026-02-23T16:32:00","date_gmt":"2026-02-23T16:32:00","guid":{"rendered":"https:\/\/aukinkochile.com\/web\/producto\/colgante-activity-espiral-bosque\/"},"modified":"2026-02-23T16:32:01","modified_gmt":"2026-02-23T16:32:01","slug":"colgante-activity-espiral-bosque","status":"publish","type":"product","link":"https:\/\/aukinkochile.com\/web\/producto\/colgante-activity-espiral-bosque\/","title":{"rendered":"Colgante Activity Espiral Bosque"},"content":{"rendered":"<p>Hermoso colgante con sonidos y texturas sorprendentes y colores contrastantes. Este espiral ofrece una variedad de actividades dise\u00f1adas para estimular los sentidos del beb\u00e9 durante el paseo o el viaje en coche. F\u00e1cil de colocar en el asiento del beb\u00e9, el corral del beb\u00e9 o un arco de actividades. Fabricado en material suave y resistente, de excelente calidad y dise\u00f1o.<\/p>\n<p><p><strong>Material : <\/strong> Poli\u00e9ster y Madera<\/p>\n<p><strong>C\u00f3digo Aukinko : <\/strong> 09-783337<\/p>\n<p><strong>C\u00f3digo Convenio Marco : <\/strong> x<\/p>\n","protected":false},"excerpt":{"rendered":"<p>Hermoso colgante con sonidos y texturas sorprendentes y colores contrastantes. Este espiral ofrece una variedad de actividades dise\u00f1adas para estimular los sentidos del beb\u00e9 durante el paseo o el viaje en coche. F\u00e1cil de colocar en el asiento del beb\u00e9, el corral del beb\u00e9 o un arco de actividades. Fabricado en material suave y resistente, [&hellip;]<\/p>\n","protected":false},"featured_media":633161,"comment_status":"open","ping_status":"closed","template":"","meta":{"_et_pb_use_builder":"","_et_pb_old_content":"","_et_gb_content_width":""},"product_brand":[],"product_cat":[23],"product_tag":[],"class_list":{"0":"post-633800","1":"product","2":"type-product","3":"status-publish","4":"has-post-thumbnail","6":"product_cat-primeros-anos","7":"pa_edad-0-a-1-ano","8":"pa_marca-lilliputiens","9":"pa_medidas-21-x-10-x-11-cm","11":"first","12":"instock","13":"shipping-taxable","14":"purchasable","15":"product-type-simple"},"aioseo_notices":[],"_links":{"self":[{"href":"https:\/\/aukinkochile.com\/web\/wp-json\/wp\/v2\/product\/633800","targetHints":{"allow":["GET"]}}],"collection":[{"href":"https:\/\/aukinkochile.com\/web\/wp-json\/wp\/v2\/product"}],"about":[{"href":"https:\/\/aukinkochile.com\/web\/wp-json\/wp\/v2\/types\/product"}],"replies":[{"embeddable":true,"href":"https:\/\/aukinkochile.com\/web\/wp-json\/wp\/v2\/comments?post=633800"}],"wp:featuredmedia":[{"embeddable":true,"href":"https:\/\/aukinkochile.com\/web\/wp-json\/wp\/v2\/media\/633161"}],"wp:attachment":[{"href":"https:\/\/aukinkochile.com\/web\/wp-json\/wp\/v2\/media?parent=633800"}],"wp:term":[{"taxonomy":"product_brand","embeddable":true,"href":"https:\/\/aukinkochile.com\/web\/wp-json\/wp\/v2\/product_brand?post=633800"},{"taxonomy":"product_cat","embeddable":true,"href":"https:\/\/aukinkochile.com\/web\/wp-json\/wp\/v2\/product_cat?post=633800"},{"taxonomy":"product_tag","embeddable":true,"href":"https:\/\/aukinkochile.com\/web\/wp-json\/wp\/v2\/product_tag?post=633800"}],"curies":[{"name":"wp","href":"https:\/\/api.w.org\/{rel}","templated":true}]}}