{"id":633799,"date":"2026-02-23T16:31:59","date_gmt":"2026-02-23T16:31:59","guid":{"rendered":"https:\/\/aukinkochile.com\/web\/producto\/libro-genero-baby-boom\/"},"modified":"2026-02-23T16:32:00","modified_gmt":"2026-02-23T16:32:00","slug":"libro-genero-baby-boom","status":"publish","type":"product","link":"https:\/\/aukinkochile.com\/web\/producto\/libro-genero-baby-boom\/","title":{"rendered":"Libro Genero Baby Boom"},"content":{"rendered":"<p>\u00a1En la granja no dejan de nacer animalitos! Ad\u00e9ntrate en el libro y descubre los diferentes animales que han nacido. En cada una de sus p\u00e1ginas, encontrar\u00e1s preciosas ilustraciones y actividades que estimulan las habilidades motrices finas. \u00a1Descubre la historia! Divertido libro para estimular a los m\u00e1s peque\u00f1os en el reconocimiento del tiempo y el desarrollo del lenguaje. Realizado en material suave y resistente.<\/p>\n<p><p><strong>Material : <\/strong> Genero<\/p>\n<p><strong>C\u00f3digo Aukinko : <\/strong> 09-783275<\/p>\n<p><strong>C\u00f3digo Convenio Marco : <\/strong> x<\/p>\n","protected":false},"excerpt":{"rendered":"<p>\u00a1En la granja no dejan de nacer animalitos! Ad\u00e9ntrate en el libro y descubre los diferentes animales que han nacido. En cada una de sus p\u00e1ginas, encontrar\u00e1s preciosas ilustraciones y actividades que estimulan las habilidades motrices finas. \u00a1Descubre la historia! Divertido libro para estimular a los m\u00e1s peque\u00f1os en el reconocimiento del tiempo y el [&hellip;]<\/p>\n","protected":false},"featured_media":626866,"comment_status":"open","ping_status":"closed","template":"","meta":{"_et_pb_use_builder":"","_et_pb_old_content":"","_et_gb_content_width":""},"product_brand":[],"product_cat":[151,23],"product_tag":[],"class_list":{"0":"post-633799","1":"product","2":"type-product","3":"status-publish","4":"has-post-thumbnail","6":"product_cat-lenguaje","7":"product_cat-primeros-anos","8":"pa_edad-0-a-1-ano","9":"pa_edad-1-a-2-anos","10":"pa_edad-2-a-3-anos","11":"pa_edad-3-a-4-anos","12":"pa_marca-lilliputiens","13":"pa_medidas-28-x-2-x-22-cm","15":"first","16":"instock","17":"shipping-taxable","18":"purchasable","19":"product-type-simple"},"aioseo_notices":[],"_links":{"self":[{"href":"https:\/\/aukinkochile.com\/web\/wp-json\/wp\/v2\/product\/633799","targetHints":{"allow":["GET"]}}],"collection":[{"href":"https:\/\/aukinkochile.com\/web\/wp-json\/wp\/v2\/product"}],"about":[{"href":"https:\/\/aukinkochile.com\/web\/wp-json\/wp\/v2\/types\/product"}],"replies":[{"embeddable":true,"href":"https:\/\/aukinkochile.com\/web\/wp-json\/wp\/v2\/comments?post=633799"}],"wp:featuredmedia":[{"embeddable":true,"href":"https:\/\/aukinkochile.com\/web\/wp-json\/wp\/v2\/media\/626866"}],"wp:attachment":[{"href":"https:\/\/aukinkochile.com\/web\/wp-json\/wp\/v2\/media?parent=633799"}],"wp:term":[{"taxonomy":"product_brand","embeddable":true,"href":"https:\/\/aukinkochile.com\/web\/wp-json\/wp\/v2\/product_brand?post=633799"},{"taxonomy":"product_cat","embeddable":true,"href":"https:\/\/aukinkochile.com\/web\/wp-json\/wp\/v2\/product_cat?post=633799"},{"taxonomy":"product_tag","embeddable":true,"href":"https:\/\/aukinkochile.com\/web\/wp-json\/wp\/v2\/product_tag?post=633799"}],"curies":[{"name":"wp","href":"https:\/\/api.w.org\/{rel}","templated":true}]}}