{"id":633798,"date":"2026-02-23T16:31:58","date_gmt":"2026-02-23T16:31:58","guid":{"rendered":"https:\/\/aukinkochile.com\/web\/producto\/libro-genero-buenos-dias-alice\/"},"modified":"2026-02-23T16:31:59","modified_gmt":"2026-02-23T16:31:59","slug":"libro-genero-buenos-dias-alice","status":"publish","type":"product","link":"https:\/\/aukinkochile.com\/web\/producto\/libro-genero-buenos-dias-alice\/","title":{"rendered":"Libro Genero Buenos D\u00edas Alice"},"content":{"rendered":"<p>Acompa\u00f1ar\u00e1s a la peque\u00f1a vulpina a lo largo de un d\u00eda, p\u00e1gina tras p\u00e1gina, y podr\u00e1s participar de forma activa en la historia gracias a sus rutinas cotidianas, que te resultar\u00e1n familiares. Divertido libro para estimular a los m\u00e1s peque\u00f1os en el reconocimiento del tiempo y el desarrollo del lenguaje. Realizado en material suave y resistente.<\/p>\n<p><p><strong>Material : <\/strong> GENERO<\/p>\n<p><strong>C\u00f3digo Aukinko : <\/strong> 09-783270<\/p>\n<p><strong>C\u00f3digo Convenio Marco : <\/strong> x<\/p>\n","protected":false},"excerpt":{"rendered":"<p>Acompa\u00f1ar\u00e1s a la peque\u00f1a vulpina a lo largo de un d\u00eda, p\u00e1gina tras p\u00e1gina, y podr\u00e1s participar de forma activa en la historia gracias a sus rutinas cotidianas, que te resultar\u00e1n familiares. Divertido libro para estimular a los m\u00e1s peque\u00f1os en el reconocimiento del tiempo y el desarrollo del lenguaje. Realizado en material suave y [&hellip;]<\/p>\n","protected":false},"featured_media":626864,"comment_status":"open","ping_status":"closed","template":"","meta":{"_et_pb_use_builder":"","_et_pb_old_content":"","_et_gb_content_width":""},"product_brand":[],"product_cat":[151,23],"product_tag":[],"class_list":{"0":"post-633798","1":"product","2":"type-product","3":"status-publish","4":"has-post-thumbnail","6":"product_cat-lenguaje","7":"product_cat-primeros-anos","8":"pa_edad-0-a-1-ano","9":"pa_edad-1-a-2-anos","10":"pa_edad-2-a-3-anos","11":"pa_edad-3-a-4-anos","12":"pa_marca-lilliputiens","13":"pa_medidas-28-x-2-x-22-cm","15":"first","16":"instock","17":"shipping-taxable","18":"purchasable","19":"product-type-simple"},"aioseo_notices":[],"_links":{"self":[{"href":"https:\/\/aukinkochile.com\/web\/wp-json\/wp\/v2\/product\/633798","targetHints":{"allow":["GET"]}}],"collection":[{"href":"https:\/\/aukinkochile.com\/web\/wp-json\/wp\/v2\/product"}],"about":[{"href":"https:\/\/aukinkochile.com\/web\/wp-json\/wp\/v2\/types\/product"}],"replies":[{"embeddable":true,"href":"https:\/\/aukinkochile.com\/web\/wp-json\/wp\/v2\/comments?post=633798"}],"wp:featuredmedia":[{"embeddable":true,"href":"https:\/\/aukinkochile.com\/web\/wp-json\/wp\/v2\/media\/626864"}],"wp:attachment":[{"href":"https:\/\/aukinkochile.com\/web\/wp-json\/wp\/v2\/media?parent=633798"}],"wp:term":[{"taxonomy":"product_brand","embeddable":true,"href":"https:\/\/aukinkochile.com\/web\/wp-json\/wp\/v2\/product_brand?post=633798"},{"taxonomy":"product_cat","embeddable":true,"href":"https:\/\/aukinkochile.com\/web\/wp-json\/wp\/v2\/product_cat?post=633798"},{"taxonomy":"product_tag","embeddable":true,"href":"https:\/\/aukinkochile.com\/web\/wp-json\/wp\/v2\/product_tag?post=633798"}],"curies":[{"name":"wp","href":"https:\/\/api.w.org\/{rel}","templated":true}]}}