{"id":633797,"date":"2026-02-23T16:31:57","date_gmt":"2026-02-23T16:31:57","guid":{"rendered":"https:\/\/aukinkochile.com\/web\/producto\/bolso-doctor-alice\/"},"modified":"2026-02-23T16:31:58","modified_gmt":"2026-02-23T16:31:58","slug":"bolso-doctor-alice","status":"publish","type":"product","link":"https:\/\/aukinkochile.com\/web\/producto\/bolso-doctor-alice\/","title":{"rendered":"Bolso Doctor Alice"},"content":{"rendered":"<p>\u00a1ohh la peque\u00f1a alice est\u00e1 enferma otra vez! \u00bfqui\u00e9n podr\u00e1 curarla? en esta bolsa de m\u00e9dico seguro que nuestros peque\u00f1os m\u00e9dicos encontrar\u00e1n todo lo que necesitan: una venda, una tirita, un term\u00f3metro, una jeringa, un estetoscopio y \u00a1hasta una mascarilla! ser\u00e1 un juego ideal para familiarizar a los peque\u00f1os con el mundo del doctor y quitar esos miedos vi\u00e9ndolo como un juego m\u00e1s para ellos.<\/p>\n<p><p><strong>Material : <\/strong> GENERO<\/p>\n<p><strong>C\u00f3digo Aukinko : <\/strong> 09-783269<\/p>\n<p><strong>C\u00f3digo Convenio Marco : <\/strong> <\/p>\n","protected":false},"excerpt":{"rendered":"<p>\u00a1ohh la peque\u00f1a alice est\u00e1 enferma otra vez! \u00bfqui\u00e9n podr\u00e1 curarla? en esta bolsa de m\u00e9dico seguro que nuestros peque\u00f1os m\u00e9dicos encontrar\u00e1n todo lo que necesitan: una venda, una tirita, un term\u00f3metro, una jeringa, un estetoscopio y \u00a1hasta una mascarilla! ser\u00e1 un juego ideal para familiarizar a los peque\u00f1os con el mundo del doctor y [&hellip;]<\/p>\n","protected":false},"featured_media":569756,"comment_status":"open","ping_status":"closed","template":"","meta":{"_et_pb_use_builder":"","_et_pb_old_content":"","_et_gb_content_width":""},"product_brand":[],"product_cat":[17],"product_tag":[],"class_list":{"0":"post-633797","1":"product","2":"type-product","3":"status-publish","4":"has-post-thumbnail","6":"product_cat-juegos-de-rol","7":"pa_edad-1-a-2-anos","8":"pa_edad-2-a-3-anos","9":"pa_marca-lilliputiens","10":"pa_medidas-22-x-14-x-25-cm","12":"first","13":"instock","14":"shipping-taxable","15":"purchasable","16":"product-type-simple"},"aioseo_notices":[],"_links":{"self":[{"href":"https:\/\/aukinkochile.com\/web\/wp-json\/wp\/v2\/product\/633797","targetHints":{"allow":["GET"]}}],"collection":[{"href":"https:\/\/aukinkochile.com\/web\/wp-json\/wp\/v2\/product"}],"about":[{"href":"https:\/\/aukinkochile.com\/web\/wp-json\/wp\/v2\/types\/product"}],"replies":[{"embeddable":true,"href":"https:\/\/aukinkochile.com\/web\/wp-json\/wp\/v2\/comments?post=633797"}],"wp:featuredmedia":[{"embeddable":true,"href":"https:\/\/aukinkochile.com\/web\/wp-json\/wp\/v2\/media\/569756"}],"wp:attachment":[{"href":"https:\/\/aukinkochile.com\/web\/wp-json\/wp\/v2\/media?parent=633797"}],"wp:term":[{"taxonomy":"product_brand","embeddable":true,"href":"https:\/\/aukinkochile.com\/web\/wp-json\/wp\/v2\/product_brand?post=633797"},{"taxonomy":"product_cat","embeddable":true,"href":"https:\/\/aukinkochile.com\/web\/wp-json\/wp\/v2\/product_cat?post=633797"},{"taxonomy":"product_tag","embeddable":true,"href":"https:\/\/aukinkochile.com\/web\/wp-json\/wp\/v2\/product_tag?post=633797"}],"curies":[{"name":"wp","href":"https:\/\/api.w.org\/{rel}","templated":true}]}}