{"id":633792,"date":"2026-02-23T16:31:53","date_gmt":"2026-02-23T16:31:53","guid":{"rendered":"https:\/\/aukinkochile.com\/web\/producto\/cocina-moldes-bandeja-silicona-cesar\/"},"modified":"2026-02-23T16:31:54","modified_gmt":"2026-02-23T16:31:54","slug":"cocina-moldes-bandeja-silicona-cesar","status":"publish","type":"product","link":"https:\/\/aukinkochile.com\/web\/producto\/cocina-moldes-bandeja-silicona-cesar\/","title":{"rendered":"Cocina Moldes Bandeja Silicona Cesar"},"content":{"rendered":"<p>Llena la boca de c\u00e9sar con agua, m\u00e9tela en el congelador y nuestro oso goloso te dar\u00e1 10 pececitos de hielo. tambi\u00e9n puedes llenarla con chocolate y te dar\u00e1 chocolatinas con forma de pez.<\/p>\n<p><p><strong>Material : <\/strong> SILICONA<\/p>\n<p><strong>C\u00f3digo Aukinko : <\/strong> 09-781112<\/p>\n<p><strong>C\u00f3digo Convenio Marco : <\/strong> <\/p>\n","protected":false},"excerpt":{"rendered":"<p>Llena la boca de c\u00e9sar con agua, m\u00e9tela en el congelador y nuestro oso goloso te dar\u00e1 10 pececitos de hielo. tambi\u00e9n puedes llenarla con chocolate y te dar\u00e1 chocolatinas con forma de pez. Material : SILICONA C\u00f3digo Aukinko : 09-781112 C\u00f3digo Convenio Marco :<\/p>\n","protected":false},"featured_media":569550,"comment_status":"open","ping_status":"closed","template":"","meta":{"_et_pb_use_builder":"","_et_pb_old_content":"","_et_gb_content_width":""},"product_brand":[],"product_cat":[21,17],"product_tag":[],"class_list":{"0":"post-633792","1":"product","2":"type-product","3":"status-publish","4":"has-post-thumbnail","6":"product_cat-arte-y-manipulacion","7":"product_cat-juegos-de-rol","8":"pa_edad-10-anos","9":"pa_edad-5-a-6-anos","10":"pa_edad-6-a-8-anos","11":"pa_edad-8-a-10-anos","12":"pa_marca-lilliputiens","13":"pa_medidas-4415","14":"pa_medidas-5-x-16-x-2-cm","16":"first","17":"instock","18":"shipping-taxable","19":"purchasable","20":"product-type-simple"},"aioseo_notices":[],"_links":{"self":[{"href":"https:\/\/aukinkochile.com\/web\/wp-json\/wp\/v2\/product\/633792","targetHints":{"allow":["GET"]}}],"collection":[{"href":"https:\/\/aukinkochile.com\/web\/wp-json\/wp\/v2\/product"}],"about":[{"href":"https:\/\/aukinkochile.com\/web\/wp-json\/wp\/v2\/types\/product"}],"replies":[{"embeddable":true,"href":"https:\/\/aukinkochile.com\/web\/wp-json\/wp\/v2\/comments?post=633792"}],"wp:featuredmedia":[{"embeddable":true,"href":"https:\/\/aukinkochile.com\/web\/wp-json\/wp\/v2\/media\/569550"}],"wp:attachment":[{"href":"https:\/\/aukinkochile.com\/web\/wp-json\/wp\/v2\/media?parent=633792"}],"wp:term":[{"taxonomy":"product_brand","embeddable":true,"href":"https:\/\/aukinkochile.com\/web\/wp-json\/wp\/v2\/product_brand?post=633792"},{"taxonomy":"product_cat","embeddable":true,"href":"https:\/\/aukinkochile.com\/web\/wp-json\/wp\/v2\/product_cat?post=633792"},{"taxonomy":"product_tag","embeddable":true,"href":"https:\/\/aukinkochile.com\/web\/wp-json\/wp\/v2\/product_tag?post=633792"}],"curies":[{"name":"wp","href":"https:\/\/api.w.org\/{rel}","templated":true}]}}