{"id":633791,"date":"2026-02-23T16:31:52","date_gmt":"2026-02-23T16:31:52","guid":{"rendered":"https:\/\/aukinkochile.com\/web\/producto\/cocina-set-eco-22-pz\/"},"modified":"2026-03-27T17:01:23","modified_gmt":"2026-03-27T17:01:23","slug":"cocina-set-eco-22-pz","status":"publish","type":"product","link":"https:\/\/aukinkochile.com\/web\/producto\/cocina-set-eco-22-pz\/","title":{"rendered":"Cocina set Eco 22 pz"},"content":{"rendered":"<p>Este completo juego de comedor BIO de 22 piezas est\u00e1 hecho de ca\u00f1a de az\u00facar sostenible. El juego est\u00e1 disponible en delicados tonos naturales de beige y verde, creando una experiencia gastron\u00f3mica tranquila y est\u00e9tica para los m\u00e1s peque\u00f1os. Con m\u00e1s del 90 % de contenido de origen biol\u00f3gico y 100 % reciclable, este juego de comedor lidera la lucha por un futuro m\u00e1s verde. El juguete con la etiqueta Swan garantiza no solo materiales respetuosos con el medio ambiente, sino tambi\u00e9n alta calidad y seguridad para los m\u00e1s peque\u00f1os. Los colores suaves y los materiales robustos lo hacen perfecto para jugar tanto en interiores como en exteriores. Incluye 4 tenedores, 4 cucharas, 4 cuchillos, 4 vasos, 4 platos y 1 olla con tapa.<\/p>\n<p><p><strong>Material : <\/strong> Eco Pl\u00e1stico<\/p>\n<p><strong>C\u00f3digo Aukinko : <\/strong> 09-55604<\/p>\n<p><strong>C\u00f3digo Convenio Marco : <\/strong> x<\/p>\n","protected":false},"excerpt":{"rendered":"<p>Este completo juego de comedor BIO de 22 piezas est\u00e1 hecho de ca\u00f1a de az\u00facar sostenible. El juego est\u00e1 disponible en delicados tonos naturales de beige y verde, creando una experiencia gastron\u00f3mica tranquila y est\u00e9tica para los m\u00e1s peque\u00f1os. Con m\u00e1s del 90 % de contenido de origen biol\u00f3gico y 100 % reciclable, este juego [&hellip;]<\/p>\n","protected":false},"featured_media":631976,"comment_status":"open","ping_status":"closed","template":"","meta":{"_et_pb_use_builder":"","_et_pb_old_content":"","_et_gb_content_width":""},"product_brand":[],"product_cat":[17],"product_tag":[],"class_list":{"0":"post-633791","1":"product","2":"type-product","3":"status-publish","4":"has-post-thumbnail","6":"product_cat-juegos-de-rol","7":"pa_edad-2-a-3-anos","8":"pa_edad-3-a-4-anos","9":"pa_edad-4-a-5-anos","10":"pa_marca-dantoy","11":"pa_medidas-4666","12":"pa_medidas-5-x-17","13":"pa_medidas-5-x-19-cm","15":"first","16":"instock","17":"shipping-taxable","18":"purchasable","19":"product-type-simple"},"aioseo_notices":[],"_links":{"self":[{"href":"https:\/\/aukinkochile.com\/web\/wp-json\/wp\/v2\/product\/633791","targetHints":{"allow":["GET"]}}],"collection":[{"href":"https:\/\/aukinkochile.com\/web\/wp-json\/wp\/v2\/product"}],"about":[{"href":"https:\/\/aukinkochile.com\/web\/wp-json\/wp\/v2\/types\/product"}],"replies":[{"embeddable":true,"href":"https:\/\/aukinkochile.com\/web\/wp-json\/wp\/v2\/comments?post=633791"}],"wp:featuredmedia":[{"embeddable":true,"href":"https:\/\/aukinkochile.com\/web\/wp-json\/wp\/v2\/media\/631976"}],"wp:attachment":[{"href":"https:\/\/aukinkochile.com\/web\/wp-json\/wp\/v2\/media?parent=633791"}],"wp:term":[{"taxonomy":"product_brand","embeddable":true,"href":"https:\/\/aukinkochile.com\/web\/wp-json\/wp\/v2\/product_brand?post=633791"},{"taxonomy":"product_cat","embeddable":true,"href":"https:\/\/aukinkochile.com\/web\/wp-json\/wp\/v2\/product_cat?post=633791"},{"taxonomy":"product_tag","embeddable":true,"href":"https:\/\/aukinkochile.com\/web\/wp-json\/wp\/v2\/product_tag?post=633791"}],"curies":[{"name":"wp","href":"https:\/\/api.w.org\/{rel}","templated":true}]}}