{"id":633789,"date":"2026-02-23T16:31:49","date_gmt":"2026-02-23T16:31:49","guid":{"rendered":"https:\/\/aukinkochile.com\/web\/producto\/lanzar-y-encajar\/"},"modified":"2026-02-23T16:31:50","modified_gmt":"2026-02-23T16:31:50","slug":"lanzar-y-encajar","status":"publish","type":"product","link":"https:\/\/aukinkochile.com\/web\/producto\/lanzar-y-encajar\/","title":{"rendered":"Lanzar y Encajar"},"content":{"rendered":"<p>Entretenido juego. Juego 4 en 1 que desarrolla las habilidades motoras. Juegos de colores, de formas, de n\u00fameros con ganchos que hacen f\u00e1cil el cambio de juegos. Contiene 12 bolsas para lanzar.<\/p>\n<p><p><strong>Material : <\/strong> Vinil<\/p>\n<p><strong>C\u00f3digo Aukinko : <\/strong> 09-41047<\/p>\n<p><strong>C\u00f3digo Convenio Marco : <\/strong> x<\/p>\n","protected":false},"excerpt":{"rendered":"<p>Entretenido juego. Juego 4 en 1 que desarrolla las habilidades motoras. Juegos de colores, de formas, de n\u00fameros con ganchos que hacen f\u00e1cil el cambio de juegos. Contiene 12 bolsas para lanzar. Material : Vinil C\u00f3digo Aukinko : 09-41047 C\u00f3digo Convenio Marco : x<\/p>\n","protected":false},"featured_media":633788,"comment_status":"open","ping_status":"closed","template":"","meta":{"_et_pb_use_builder":"","_et_pb_old_content":"","_et_gb_content_width":""},"product_brand":[],"product_cat":[91,18],"product_tag":[],"class_list":{"0":"post-633789","1":"product","2":"type-product","3":"status-publish","4":"has-post-thumbnail","6":"product_cat-accesorios-sala","7":"product_cat-motricidad-gruesa","8":"pa_edad-3-a-4-anos","9":"pa_edad-4-a-5-anos","10":"pa_edad-5-a-6-anos","11":"pa_edad-6-a-8-anos","12":"pa_marca-learning","13":"pa_medidas-60-x-48-x-30-cm","15":"first","16":"instock","17":"sale","18":"shipping-taxable","19":"purchasable","20":"product-type-simple"},"aioseo_notices":[],"_links":{"self":[{"href":"https:\/\/aukinkochile.com\/web\/wp-json\/wp\/v2\/product\/633789","targetHints":{"allow":["GET"]}}],"collection":[{"href":"https:\/\/aukinkochile.com\/web\/wp-json\/wp\/v2\/product"}],"about":[{"href":"https:\/\/aukinkochile.com\/web\/wp-json\/wp\/v2\/types\/product"}],"replies":[{"embeddable":true,"href":"https:\/\/aukinkochile.com\/web\/wp-json\/wp\/v2\/comments?post=633789"}],"wp:featuredmedia":[{"embeddable":true,"href":"https:\/\/aukinkochile.com\/web\/wp-json\/wp\/v2\/media\/633788"}],"wp:attachment":[{"href":"https:\/\/aukinkochile.com\/web\/wp-json\/wp\/v2\/media?parent=633789"}],"wp:term":[{"taxonomy":"product_brand","embeddable":true,"href":"https:\/\/aukinkochile.com\/web\/wp-json\/wp\/v2\/product_brand?post=633789"},{"taxonomy":"product_cat","embeddable":true,"href":"https:\/\/aukinkochile.com\/web\/wp-json\/wp\/v2\/product_cat?post=633789"},{"taxonomy":"product_tag","embeddable":true,"href":"https:\/\/aukinkochile.com\/web\/wp-json\/wp\/v2\/product_tag?post=633789"}],"curies":[{"name":"wp","href":"https:\/\/api.w.org\/{rel}","templated":true}]}}