{"id":633781,"date":"2026-02-23T16:31:40","date_gmt":"2026-02-23T16:31:40","guid":{"rendered":"https:\/\/aukinkochile.com\/web\/producto\/modulos-espuma-set-4-pz\/"},"modified":"2026-02-23T16:31:41","modified_gmt":"2026-02-23T16:31:41","slug":"modulos-espuma-set-4-pz","status":"publish","type":"product","link":"https:\/\/aukinkochile.com\/web\/producto\/modulos-espuma-set-4-pz\/","title":{"rendered":"M\u00f3dulos Espuma set 4 pz"},"content":{"rendered":"<p>Set de m\u00f3dulos de espuma recubiertos en vinil de excelente calidad con cobertor de texturas para que los m\u00e1s peque\u00f1os desarrollen el sentido del tacto mientras juegan. Dise\u00f1ados para estimular el desarrollo motor de los m\u00e1s peque\u00f1os de una forma muy divertida. Su material es f\u00e1cil de limpiar y muy resistente. Con este conjunto de m\u00f3dulos los m\u00e1s peque\u00f1os pueden trepar, subir, bajar y reconocer distintas texturas. El set incluye 1 cubo de 30 cm de altura, 2 rampas y un m\u00f3dulo esquinero de 6 cm de altura que se pueden combinar de la forma m\u00e1s adecuada para cada sala.<\/p>\n<p><p><strong>Material : <\/strong> Espuma alta densidad cubierta Vinyl<\/p>\n<p><strong>C\u00f3digo Aukinko : <\/strong> 08-7710001<\/p>\n<p><strong>C\u00f3digo Convenio Marco : <\/strong> X<\/p>\n","protected":false},"excerpt":{"rendered":"<p>Set de m\u00f3dulos de espuma recubiertos en vinil de excelente calidad con cobertor de texturas para que los m\u00e1s peque\u00f1os desarrollen el sentido del tacto mientras juegan. Dise\u00f1ados para estimular el desarrollo motor de los m\u00e1s peque\u00f1os de una forma muy divertida. Su material es f\u00e1cil de limpiar y muy resistente. Con este conjunto de [&hellip;]<\/p>\n","protected":false},"featured_media":633780,"comment_status":"open","ping_status":"closed","template":"","meta":{"_et_pb_use_builder":"","_et_pb_old_content":"","_et_gb_content_width":""},"product_brand":[],"product_cat":[91,18,23],"product_tag":[],"class_list":{"0":"post-633781","1":"product","2":"type-product","3":"status-publish","4":"has-post-thumbnail","6":"product_cat-accesorios-sala","7":"product_cat-motricidad-gruesa","8":"product_cat-primeros-anos","9":"pa_edad-0-a-1-ano","10":"pa_edad-1-a-2-anos","11":"pa_edad-2-a-3-anos","12":"pa_edad-3-a-4-anos","13":"pa_marca-wesco","14":"pa_medidas-cubo-48-x-48-x-30-cm","15":"pa_medidas-esquinero-48-x-6-cm","16":"pa_medidas-rampas-48-x-48-x-24-cm","18":"first","19":"instock","20":"shipping-taxable","21":"purchasable","22":"product-type-simple"},"aioseo_notices":[],"_links":{"self":[{"href":"https:\/\/aukinkochile.com\/web\/wp-json\/wp\/v2\/product\/633781","targetHints":{"allow":["GET"]}}],"collection":[{"href":"https:\/\/aukinkochile.com\/web\/wp-json\/wp\/v2\/product"}],"about":[{"href":"https:\/\/aukinkochile.com\/web\/wp-json\/wp\/v2\/types\/product"}],"replies":[{"embeddable":true,"href":"https:\/\/aukinkochile.com\/web\/wp-json\/wp\/v2\/comments?post=633781"}],"wp:featuredmedia":[{"embeddable":true,"href":"https:\/\/aukinkochile.com\/web\/wp-json\/wp\/v2\/media\/633780"}],"wp:attachment":[{"href":"https:\/\/aukinkochile.com\/web\/wp-json\/wp\/v2\/media?parent=633781"}],"wp:term":[{"taxonomy":"product_brand","embeddable":true,"href":"https:\/\/aukinkochile.com\/web\/wp-json\/wp\/v2\/product_brand?post=633781"},{"taxonomy":"product_cat","embeddable":true,"href":"https:\/\/aukinkochile.com\/web\/wp-json\/wp\/v2\/product_cat?post=633781"},{"taxonomy":"product_tag","embeddable":true,"href":"https:\/\/aukinkochile.com\/web\/wp-json\/wp\/v2\/product_tag?post=633781"}],"curies":[{"name":"wp","href":"https:\/\/api.w.org\/{rel}","templated":true}]}}