{"id":633779,"date":"2026-02-23T16:31:39","date_gmt":"2026-02-23T16:31:39","guid":{"rendered":"https:\/\/aukinkochile.com\/web\/producto\/titere-familia-etnica-6-pz\/"},"modified":"2026-02-23T16:31:40","modified_gmt":"2026-02-23T16:31:40","slug":"titere-familia-etnica-6-pz","status":"publish","type":"product","link":"https:\/\/aukinkochile.com\/web\/producto\/titere-familia-etnica-6-pz\/","title":{"rendered":"T\u00edtere Familia \u00c9tnica 6 pz"},"content":{"rendered":"<p>Set de 6 t\u00edteres grandes para contar historias a los ni\u00f1os y estimular su imaginaci\u00f3n. 1 mama negra, 1 papa, 1 abuelo negro, 1 abuela, 1 hijo y 1 hija mulata. Hecha de diferentes tejidos. Lavables a 30 \u00ba, la cara y ojos con detalles bordados. De excelente calidad y dise\u00f1o. Para ser manipulados por adultos. (Stock limitado, preguntar por si necesita mas de una unidad)<\/p>\n<p><p><strong>Material : <\/strong> Genero<\/p>\n<p><strong>C\u00f3digo Aukinko : <\/strong> 08-7149566<\/p>\n<p><strong>C\u00f3digo Convenio Marco : <\/strong> x<\/p>\n","protected":false},"excerpt":{"rendered":"<p>Set de 6 t\u00edteres grandes para contar historias a los ni\u00f1os y estimular su imaginaci\u00f3n. 1 mama negra, 1 papa, 1 abuelo negro, 1 abuela, 1 hijo y 1 hija mulata. Hecha de diferentes tejidos. Lavables a 30 \u00ba, la cara y ojos con detalles bordados. De excelente calidad y dise\u00f1o. Para ser manipulados por [&hellip;]<\/p>\n","protected":false},"featured_media":633778,"comment_status":"open","ping_status":"closed","template":"","meta":{"_et_pb_use_builder":"","_et_pb_old_content":"","_et_gb_content_width":""},"product_brand":[],"product_cat":[91,17,212],"product_tag":[],"class_list":{"0":"post-633779","1":"product","2":"type-product","3":"status-publish","4":"has-post-thumbnail","6":"product_cat-accesorios-sala","7":"product_cat-juegos-de-rol","8":"product_cat-munecos-y-figuras","9":"pa_edad-1-a-2-anos","10":"pa_edad-2-a-3-anos","11":"pa_edad-3-a-4-anos","12":"pa_edad-4-a-5-anos","13":"pa_edad-5-a-6-anos","14":"pa_marca-wesco","15":"pa_medidas-32-cm-c-u","17":"first","18":"instock","19":"shipping-taxable","20":"purchasable","21":"product-type-simple"},"aioseo_notices":[],"_links":{"self":[{"href":"https:\/\/aukinkochile.com\/web\/wp-json\/wp\/v2\/product\/633779","targetHints":{"allow":["GET"]}}],"collection":[{"href":"https:\/\/aukinkochile.com\/web\/wp-json\/wp\/v2\/product"}],"about":[{"href":"https:\/\/aukinkochile.com\/web\/wp-json\/wp\/v2\/types\/product"}],"replies":[{"embeddable":true,"href":"https:\/\/aukinkochile.com\/web\/wp-json\/wp\/v2\/comments?post=633779"}],"wp:featuredmedia":[{"embeddable":true,"href":"https:\/\/aukinkochile.com\/web\/wp-json\/wp\/v2\/media\/633778"}],"wp:attachment":[{"href":"https:\/\/aukinkochile.com\/web\/wp-json\/wp\/v2\/media?parent=633779"}],"wp:term":[{"taxonomy":"product_brand","embeddable":true,"href":"https:\/\/aukinkochile.com\/web\/wp-json\/wp\/v2\/product_brand?post=633779"},{"taxonomy":"product_cat","embeddable":true,"href":"https:\/\/aukinkochile.com\/web\/wp-json\/wp\/v2\/product_cat?post=633779"},{"taxonomy":"product_tag","embeddable":true,"href":"https:\/\/aukinkochile.com\/web\/wp-json\/wp\/v2\/product_tag?post=633779"}],"curies":[{"name":"wp","href":"https:\/\/api.w.org\/{rel}","templated":true}]}}