{"id":633774,"date":"2026-02-23T16:31:34","date_gmt":"2026-02-23T16:31:34","guid":{"rendered":"https:\/\/aukinkochile.com\/web\/producto\/pelotas-piscina-opacas-set-250\/"},"modified":"2026-02-23T16:31:35","modified_gmt":"2026-02-23T16:31:35","slug":"pelotas-piscina-opacas-set-250","status":"publish","type":"product","link":"https:\/\/aukinkochile.com\/web\/producto\/pelotas-piscina-opacas-set-250\/","title":{"rendered":"Pelotas Piscina Opacas set 250"},"content":{"rendered":"<p>250 unidades de pelotas transparentes de 1 solo color (celeste, verde, rojo, naranjo o amarillo). De gran calidad y resistencia. Preguntar por stock de color. (Stock limitado, preguntar por si necesita mas de una unidad)<\/p>\n<p><p><strong>Material : <\/strong> Pl\u00e1stico<\/p>\n<p><strong>C\u00f3digo Aukinko : <\/strong> 08-7034292<\/p>\n<p><strong>C\u00f3digo Convenio Marco : <\/strong> x<\/p>\n","protected":false},"excerpt":{"rendered":"<p>250 unidades de pelotas transparentes de 1 solo color (celeste, verde, rojo, naranjo o amarillo). De gran calidad y resistencia. Preguntar por stock de color. (Stock limitado, preguntar por si necesita mas de una unidad) Material : Pl\u00e1stico C\u00f3digo Aukinko : 08-7034292 C\u00f3digo Convenio Marco : x<\/p>\n","protected":false},"featured_media":625804,"comment_status":"open","ping_status":"closed","template":"","meta":{"_et_pb_use_builder":"","_et_pb_old_content":"","_et_gb_content_width":""},"product_brand":[],"product_cat":[91,18,23],"product_tag":[],"class_list":{"0":"post-633774","1":"product","2":"type-product","3":"status-publish","4":"has-post-thumbnail","6":"product_cat-accesorios-sala","7":"product_cat-motricidad-gruesa","8":"product_cat-primeros-anos","9":"pa_edad-0-a-1-ano","10":"pa_edad-1-a-2-anos","11":"pa_edad-2-a-3-anos","12":"pa_edad-3-a-4-anos","13":"pa_edad-4-a-5-anos","14":"pa_edad-5-a-6-anos","15":"pa_marca-wesco","16":"pa_medidas-8-cm-diametro","18":"first","19":"instock","20":"shipping-taxable","21":"purchasable","22":"product-type-simple"},"aioseo_notices":[],"_links":{"self":[{"href":"https:\/\/aukinkochile.com\/web\/wp-json\/wp\/v2\/product\/633774","targetHints":{"allow":["GET"]}}],"collection":[{"href":"https:\/\/aukinkochile.com\/web\/wp-json\/wp\/v2\/product"}],"about":[{"href":"https:\/\/aukinkochile.com\/web\/wp-json\/wp\/v2\/types\/product"}],"replies":[{"embeddable":true,"href":"https:\/\/aukinkochile.com\/web\/wp-json\/wp\/v2\/comments?post=633774"}],"wp:featuredmedia":[{"embeddable":true,"href":"https:\/\/aukinkochile.com\/web\/wp-json\/wp\/v2\/media\/625804"}],"wp:attachment":[{"href":"https:\/\/aukinkochile.com\/web\/wp-json\/wp\/v2\/media?parent=633774"}],"wp:term":[{"taxonomy":"product_brand","embeddable":true,"href":"https:\/\/aukinkochile.com\/web\/wp-json\/wp\/v2\/product_brand?post=633774"},{"taxonomy":"product_cat","embeddable":true,"href":"https:\/\/aukinkochile.com\/web\/wp-json\/wp\/v2\/product_cat?post=633774"},{"taxonomy":"product_tag","embeddable":true,"href":"https:\/\/aukinkochile.com\/web\/wp-json\/wp\/v2\/product_tag?post=633774"}],"curies":[{"name":"wp","href":"https:\/\/api.w.org\/{rel}","templated":true}]}}