{"id":633773,"date":"2026-02-23T16:31:32","date_gmt":"2026-02-23T16:31:32","guid":{"rendered":"https:\/\/aukinkochile.com\/web\/producto\/camara-fotos\/"},"modified":"2026-02-23T16:31:33","modified_gmt":"2026-02-23T16:31:33","slug":"camara-fotos","status":"publish","type":"product","link":"https:\/\/aukinkochile.com\/web\/producto\/camara-fotos\/","title":{"rendered":"C\u00e1mara Fotos"},"content":{"rendered":"<p>\u00a1Apunta y saca la foto para una gran sorpresa! Cuando el bot\u00f3n est\u00e1 presionado saldr\u00e1 un divertido payaso para sorprender a los m\u00e1s peque\u00f1os y las m\u00e1s peque\u00f1as. Con este divertido bot\u00f3n, m\u00e1s el payaso, m\u00e1s el visor para mirar a trav\u00e9s de la c\u00e1mara esta ser\u00e1 la primera c\u00e1mara ideal para regalar y pasar horas de diversi\u00f3n. Estimula la motricidad fina, desarrollando el concepto de causa y efecto en edades tempranas. <\/p>\n<p><p><strong>Material : <\/strong> Pl\u00e1stico Resistente<\/p>\n<p><strong>C\u00f3digo Aukinko : <\/strong> 08-21031145<\/p>\n<p><strong>C\u00f3digo Convenio Marco : <\/strong> x<\/p>\n","protected":false},"excerpt":{"rendered":"<p>\u00a1Apunta y saca la foto para una gran sorpresa! Cuando el bot\u00f3n est\u00e1 presionado saldr\u00e1 un divertido payaso para sorprender a los m\u00e1s peque\u00f1os y las m\u00e1s peque\u00f1as. Con este divertido bot\u00f3n, m\u00e1s el payaso, m\u00e1s el visor para mirar a trav\u00e9s de la c\u00e1mara esta ser\u00e1 la primera c\u00e1mara ideal para regalar y pasar [&hellip;]<\/p>\n","protected":false},"featured_media":625354,"comment_status":"open","ping_status":"closed","template":"","meta":{"_et_pb_use_builder":"","_et_pb_old_content":"","_et_gb_content_width":""},"product_brand":[],"product_cat":[20,23],"product_tag":[],"class_list":{"0":"post-633773","1":"product","2":"type-product","3":"status-publish","4":"has-post-thumbnail","6":"product_cat-motricidad-fina","7":"product_cat-primeros-anos","8":"pa_edad-0-a-1-ano","9":"pa_edad-1-a-2-anos","10":"pa_edad-2-a-3-anos","11":"pa_marca-galt","12":"pa_medidas-4356","13":"pa_medidas-5-x-13-x-7","14":"pa_medidas-7-cm","16":"first","17":"instock","18":"shipping-taxable","19":"purchasable","20":"product-type-simple"},"aioseo_notices":[],"_links":{"self":[{"href":"https:\/\/aukinkochile.com\/web\/wp-json\/wp\/v2\/product\/633773","targetHints":{"allow":["GET"]}}],"collection":[{"href":"https:\/\/aukinkochile.com\/web\/wp-json\/wp\/v2\/product"}],"about":[{"href":"https:\/\/aukinkochile.com\/web\/wp-json\/wp\/v2\/types\/product"}],"replies":[{"embeddable":true,"href":"https:\/\/aukinkochile.com\/web\/wp-json\/wp\/v2\/comments?post=633773"}],"wp:featuredmedia":[{"embeddable":true,"href":"https:\/\/aukinkochile.com\/web\/wp-json\/wp\/v2\/media\/625354"}],"wp:attachment":[{"href":"https:\/\/aukinkochile.com\/web\/wp-json\/wp\/v2\/media?parent=633773"}],"wp:term":[{"taxonomy":"product_brand","embeddable":true,"href":"https:\/\/aukinkochile.com\/web\/wp-json\/wp\/v2\/product_brand?post=633773"},{"taxonomy":"product_cat","embeddable":true,"href":"https:\/\/aukinkochile.com\/web\/wp-json\/wp\/v2\/product_cat?post=633773"},{"taxonomy":"product_tag","embeddable":true,"href":"https:\/\/aukinkochile.com\/web\/wp-json\/wp\/v2\/product_tag?post=633773"}],"curies":[{"name":"wp","href":"https:\/\/api.w.org\/{rel}","templated":true}]}}