{"id":633772,"date":"2026-02-23T16:31:31","date_gmt":"2026-02-23T16:31:31","guid":{"rendered":"https:\/\/aukinkochile.com\/web\/producto\/lapices-punta-pluma\/"},"modified":"2026-02-23T16:31:32","modified_gmt":"2026-02-23T16:31:32","slug":"lapices-punta-pluma","status":"publish","type":"product","link":"https:\/\/aukinkochile.com\/web\/producto\/lapices-punta-pluma\/","title":{"rendered":"L\u00e1pices Punta Pluma"},"content":{"rendered":"<p>L\u00e1pices con tinta lavable. La pintura esta en el cepillo. Limpio y de secado instant\u00e1neo. Una introducci\u00f3n ideal a la pintura para artistas de todas la edades.<\/p>\n<p><p><strong>Material : <\/strong> Pl\u00e1stico<\/p>\n<p><strong>C\u00f3digo Aukinko : <\/strong> 08-21000642<\/p>\n<p><strong>C\u00f3digo Convenio Marco : <\/strong> x<\/p>\n","protected":false},"excerpt":{"rendered":"<p>L\u00e1pices con tinta lavable. La pintura esta en el cepillo. Limpio y de secado instant\u00e1neo. Una introducci\u00f3n ideal a la pintura para artistas de todas la edades. Material : Pl\u00e1stico C\u00f3digo Aukinko : 08-21000642 C\u00f3digo Convenio Marco : x<\/p>\n","protected":false},"featured_media":629500,"comment_status":"open","ping_status":"closed","template":"","meta":{"_et_pb_use_builder":"","_et_pb_old_content":"","_et_gb_content_width":""},"product_brand":[],"product_cat":[21],"product_tag":[],"class_list":{"0":"post-633772","1":"product","2":"type-product","3":"status-publish","4":"has-post-thumbnail","6":"product_cat-arte-y-manipulacion","7":"pa_edad-10-anos","8":"pa_edad-6-a-8-anos","9":"pa_edad-8-a-10-anos","10":"pa_marca-galt","11":"pa_medidas-25-x-22-x-2-cm","13":"first","14":"instock","15":"shipping-taxable","16":"purchasable","17":"product-type-simple"},"aioseo_notices":[],"_links":{"self":[{"href":"https:\/\/aukinkochile.com\/web\/wp-json\/wp\/v2\/product\/633772","targetHints":{"allow":["GET"]}}],"collection":[{"href":"https:\/\/aukinkochile.com\/web\/wp-json\/wp\/v2\/product"}],"about":[{"href":"https:\/\/aukinkochile.com\/web\/wp-json\/wp\/v2\/types\/product"}],"replies":[{"embeddable":true,"href":"https:\/\/aukinkochile.com\/web\/wp-json\/wp\/v2\/comments?post=633772"}],"wp:featuredmedia":[{"embeddable":true,"href":"https:\/\/aukinkochile.com\/web\/wp-json\/wp\/v2\/media\/629500"}],"wp:attachment":[{"href":"https:\/\/aukinkochile.com\/web\/wp-json\/wp\/v2\/media?parent=633772"}],"wp:term":[{"taxonomy":"product_brand","embeddable":true,"href":"https:\/\/aukinkochile.com\/web\/wp-json\/wp\/v2\/product_brand?post=633772"},{"taxonomy":"product_cat","embeddable":true,"href":"https:\/\/aukinkochile.com\/web\/wp-json\/wp\/v2\/product_cat?post=633772"},{"taxonomy":"product_tag","embeddable":true,"href":"https:\/\/aukinkochile.com\/web\/wp-json\/wp\/v2\/product_tag?post=633772"}],"curies":[{"name":"wp","href":"https:\/\/api.w.org\/{rel}","templated":true}]}}