{"id":633771,"date":"2026-02-23T16:31:30","date_gmt":"2026-02-23T16:31:30","guid":{"rendered":"https:\/\/aukinkochile.com\/web\/producto\/animal-semental-sorraia-mustang\/"},"modified":"2026-02-23T16:31:31","modified_gmt":"2026-02-23T16:31:31","slug":"animal-semental-sorraia-mustang","status":"publish","type":"product","link":"https:\/\/aukinkochile.com\/web\/producto\/animal-semental-sorraia-mustang\/","title":{"rendered":"Animal Semental Sorraia Mustang"},"content":{"rendered":"<p>El semental Sorraia Mustang de Schleich\u00ae farm Word luce una franja dorsal estrecha. Esta franja es caracter\u00edstica de estos caballos, as\u00ed como su pelaje bayo y su hocico oscuro. La crin y la cola tambi\u00e9n muestran una particularidad de esta raza: siempre son de dos colores. A los caballos Sorraia se les vincula con los caballos andaluces y lusitanos. De ellos proviene su cuello musculoso y elegante. Animal dise\u00f1ado con gran detalle en pl\u00e1stico resistente.<\/p>\n<p><p><strong>Material : <\/strong> Pl\u00e1stico Duro<\/p>\n<p><strong>C\u00f3digo Aukinko : <\/strong> 07-613915<\/p>\n<p><strong>C\u00f3digo Convenio Marco : <\/strong> x<\/p>\n","protected":false},"excerpt":{"rendered":"<p>El semental Sorraia Mustang de Schleich\u00ae farm Word luce una franja dorsal estrecha. Esta franja es caracter\u00edstica de estos caballos, as\u00ed como su pelaje bayo y su hocico oscuro. La crin y la cola tambi\u00e9n muestran una particularidad de esta raza: siempre son de dos colores. A los caballos Sorraia se les vincula con los [&hellip;]<\/p>\n","protected":false},"featured_media":628481,"comment_status":"open","ping_status":"closed","template":"","meta":{"_et_pb_use_builder":"","_et_pb_old_content":"","_et_gb_content_width":""},"product_brand":[],"product_cat":[212],"product_tag":[],"class_list":{"0":"post-633771","1":"product","2":"type-product","3":"status-publish","4":"has-post-thumbnail","6":"product_cat-munecos-y-figuras","7":"pa_edad-10-anos","8":"pa_edad-3-a-4-anos","9":"pa_edad-4-a-5-anos","10":"pa_edad-5-a-6-anos","11":"pa_edad-6-a-8-anos","12":"pa_edad-8-a-10-anos","13":"pa_marca-schleich","14":"pa_medidas-4314","15":"pa_medidas-5-x-11-cm","16":"pa_medidas-9-x-3","18":"first","19":"instock","20":"shipping-taxable","21":"purchasable","22":"product-type-simple"},"aioseo_notices":[],"_links":{"self":[{"href":"https:\/\/aukinkochile.com\/web\/wp-json\/wp\/v2\/product\/633771","targetHints":{"allow":["GET"]}}],"collection":[{"href":"https:\/\/aukinkochile.com\/web\/wp-json\/wp\/v2\/product"}],"about":[{"href":"https:\/\/aukinkochile.com\/web\/wp-json\/wp\/v2\/types\/product"}],"replies":[{"embeddable":true,"href":"https:\/\/aukinkochile.com\/web\/wp-json\/wp\/v2\/comments?post=633771"}],"wp:featuredmedia":[{"embeddable":true,"href":"https:\/\/aukinkochile.com\/web\/wp-json\/wp\/v2\/media\/628481"}],"wp:attachment":[{"href":"https:\/\/aukinkochile.com\/web\/wp-json\/wp\/v2\/media?parent=633771"}],"wp:term":[{"taxonomy":"product_brand","embeddable":true,"href":"https:\/\/aukinkochile.com\/web\/wp-json\/wp\/v2\/product_brand?post=633771"},{"taxonomy":"product_cat","embeddable":true,"href":"https:\/\/aukinkochile.com\/web\/wp-json\/wp\/v2\/product_cat?post=633771"},{"taxonomy":"product_tag","embeddable":true,"href":"https:\/\/aukinkochile.com\/web\/wp-json\/wp\/v2\/product_tag?post=633771"}],"curies":[{"name":"wp","href":"https:\/\/api.w.org\/{rel}","templated":true}]}}