{"id":633769,"date":"2026-02-23T16:31:28","date_gmt":"2026-02-23T16:31:28","guid":{"rendered":"https:\/\/aukinkochile.com\/web\/producto\/bloques-inteligentes-70-pz\/"},"modified":"2026-02-23T16:31:29","modified_gmt":"2026-02-23T16:31:29","slug":"bloques-inteligentes-70-pz","status":"publish","type":"product","link":"https:\/\/aukinkochile.com\/web\/producto\/bloques-inteligentes-70-pz\/","title":{"rendered":"Bloques Inteligentes 70 pz"},"content":{"rendered":"<p>Smart bloc contiene 11 elementos grandes en 2 formas diferentes que le permiten construir estructuras infinitas tanto en el plano como en vertical. Incluye 11 elementos grandes en 2 formas (3 formas en T y 8 formas angulares)<\/p>\n<p><p><strong>Material : <\/strong> Pl\u00e1stico<\/p>\n<p><strong>C\u00f3digo Aukinko : <\/strong> 07-54024<\/p>\n<p><strong>C\u00f3digo Convenio Marco : <\/strong> x<\/p>\n","protected":false},"excerpt":{"rendered":"<p>Smart bloc contiene 11 elementos grandes en 2 formas diferentes que le permiten construir estructuras infinitas tanto en el plano como en vertical. Incluye 11 elementos grandes en 2 formas (3 formas en T y 8 formas angulares) Material : Pl\u00e1stico C\u00f3digo Aukinko : 07-54024 C\u00f3digo Convenio Marco : x<\/p>\n","protected":false},"featured_media":627535,"comment_status":"open","ping_status":"closed","template":"","meta":{"_et_pb_use_builder":"","_et_pb_old_content":"","_et_gb_content_width":""},"product_brand":[],"product_cat":[19,20],"product_tag":[],"class_list":{"0":"post-633769","1":"product","2":"type-product","3":"status-publish","4":"has-post-thumbnail","6":"product_cat-construccion","7":"product_cat-motricidad-fina","8":"pa_edad-4-a-5-anos","9":"pa_edad-5-a-6-anos","10":"pa_edad-6-a-8-anos","11":"pa_marca-quercetti","12":"pa_medidas-30-x-29-x-7-cm","14":"first","15":"instock","16":"shipping-taxable","17":"purchasable","18":"product-type-simple"},"aioseo_notices":[],"_links":{"self":[{"href":"https:\/\/aukinkochile.com\/web\/wp-json\/wp\/v2\/product\/633769","targetHints":{"allow":["GET"]}}],"collection":[{"href":"https:\/\/aukinkochile.com\/web\/wp-json\/wp\/v2\/product"}],"about":[{"href":"https:\/\/aukinkochile.com\/web\/wp-json\/wp\/v2\/types\/product"}],"replies":[{"embeddable":true,"href":"https:\/\/aukinkochile.com\/web\/wp-json\/wp\/v2\/comments?post=633769"}],"wp:featuredmedia":[{"embeddable":true,"href":"https:\/\/aukinkochile.com\/web\/wp-json\/wp\/v2\/media\/627535"}],"wp:attachment":[{"href":"https:\/\/aukinkochile.com\/web\/wp-json\/wp\/v2\/media?parent=633769"}],"wp:term":[{"taxonomy":"product_brand","embeddable":true,"href":"https:\/\/aukinkochile.com\/web\/wp-json\/wp\/v2\/product_brand?post=633769"},{"taxonomy":"product_cat","embeddable":true,"href":"https:\/\/aukinkochile.com\/web\/wp-json\/wp\/v2\/product_cat?post=633769"},{"taxonomy":"product_tag","embeddable":true,"href":"https:\/\/aukinkochile.com\/web\/wp-json\/wp\/v2\/product_tag?post=633769"}],"curies":[{"name":"wp","href":"https:\/\/api.w.org\/{rel}","templated":true}]}}