{"id":633768,"date":"2026-02-23T16:31:26","date_gmt":"2026-02-23T16:31:26","guid":{"rendered":"https:\/\/aukinkochile.com\/web\/producto\/matematicas-numeros-esponja\/"},"modified":"2026-02-23T16:31:28","modified_gmt":"2026-02-23T16:31:28","slug":"matematicas-numeros-esponja","status":"publish","type":"product","link":"https:\/\/aukinkochile.com\/web\/producto\/matematicas-numeros-esponja\/","title":{"rendered":"Matem\u00e1ticas N\u00fameros Esponja"},"content":{"rendered":"<p>10 Puzle d\u00fao de n\u00fameros de el 1 al 10. Como un Puzle unes los n\u00fameros. Tambi\u00e9n cada numero se desmonta, al igual que las fichas de cantidad seg\u00fan el numero. Livianas y lavables.<\/p>\n<p><p><strong>Material : <\/strong> Esponja<\/p>\n<p><strong>C\u00f3digo Aukinko : <\/strong> 07-524130<\/p>\n<p><strong>C\u00f3digo Convenio Marco : <\/strong> x<\/p>\n","protected":false},"excerpt":{"rendered":"<p>10 Puzle d\u00fao de n\u00fameros de el 1 al 10. Como un Puzle unes los n\u00fameros. Tambi\u00e9n cada numero se desmonta, al igual que las fichas de cantidad seg\u00fan el numero. Livianas y lavables. Material : Esponja C\u00f3digo Aukinko : 07-524130 C\u00f3digo Convenio Marco : x<\/p>\n","protected":false},"featured_media":633767,"comment_status":"open","ping_status":"closed","template":"","meta":{"_et_pb_use_builder":"","_et_pb_old_content":"","_et_gb_content_width":""},"product_brand":[],"product_cat":[91,90],"product_tag":[],"class_list":{"0":"post-633768","1":"product","2":"type-product","3":"status-publish","4":"has-post-thumbnail","6":"product_cat-accesorios-sala","7":"product_cat-matematicas","8":"pa_edad-4-a-5-anos","9":"pa_edad-5-a-6-anos","10":"pa_marca-quercetti","11":"pa_medidas-25-x-20-x-2-cm","13":"first","14":"instock","15":"sale","16":"shipping-taxable","17":"purchasable","18":"product-type-simple"},"aioseo_notices":[],"_links":{"self":[{"href":"https:\/\/aukinkochile.com\/web\/wp-json\/wp\/v2\/product\/633768","targetHints":{"allow":["GET"]}}],"collection":[{"href":"https:\/\/aukinkochile.com\/web\/wp-json\/wp\/v2\/product"}],"about":[{"href":"https:\/\/aukinkochile.com\/web\/wp-json\/wp\/v2\/types\/product"}],"replies":[{"embeddable":true,"href":"https:\/\/aukinkochile.com\/web\/wp-json\/wp\/v2\/comments?post=633768"}],"wp:featuredmedia":[{"embeddable":true,"href":"https:\/\/aukinkochile.com\/web\/wp-json\/wp\/v2\/media\/633767"}],"wp:attachment":[{"href":"https:\/\/aukinkochile.com\/web\/wp-json\/wp\/v2\/media?parent=633768"}],"wp:term":[{"taxonomy":"product_brand","embeddable":true,"href":"https:\/\/aukinkochile.com\/web\/wp-json\/wp\/v2\/product_brand?post=633768"},{"taxonomy":"product_cat","embeddable":true,"href":"https:\/\/aukinkochile.com\/web\/wp-json\/wp\/v2\/product_cat?post=633768"},{"taxonomy":"product_tag","embeddable":true,"href":"https:\/\/aukinkochile.com\/web\/wp-json\/wp\/v2\/product_tag?post=633768"}],"curies":[{"name":"wp","href":"https:\/\/api.w.org\/{rel}","templated":true}]}}