{"id":633766,"date":"2026-02-23T16:31:25","date_gmt":"2026-02-23T16:31:25","guid":{"rendered":"https:\/\/aukinkochile.com\/web\/producto\/enlazar-plantillas-filo-set-10-pz\/"},"modified":"2026-02-23T16:31:26","modified_gmt":"2026-02-23T16:31:26","slug":"enlazar-plantillas-filo-set-10-pz","status":"publish","type":"product","link":"https:\/\/aukinkochile.com\/web\/producto\/enlazar-plantillas-filo-set-10-pz\/","title":{"rendered":"Enlazar Plantillas Filo set 10 pz"},"content":{"rendered":"<p>Set 10 plantillas de pl\u00e1stico filo, para dibujar con cordones. incluye 10 enhebradores de cord\u00f3n de colores. de pl\u00e1stico resistente. todo lo que se necesita es deslizar un cord\u00f3n en el bol\u00edgrafo especial y presionar las ranuras de cierre autom\u00e1tico de el tablero, y as\u00ed empezar a trazar los dise\u00f1os en cadena.  <\/p>\n<p><p><strong>Material : <\/strong> Pl\u00e1stico<\/p>\n<p><strong>C\u00f3digo Aukinko : <\/strong> 07-50574<\/p>\n<p><strong>C\u00f3digo Convenio Marco : <\/strong> x<\/p>\n","protected":false},"excerpt":{"rendered":"<p>Set 10 plantillas de pl\u00e1stico filo, para dibujar con cordones. incluye 10 enhebradores de cord\u00f3n de colores. de pl\u00e1stico resistente. todo lo que se necesita es deslizar un cord\u00f3n en el bol\u00edgrafo especial y presionar las ranuras de cierre autom\u00e1tico de el tablero, y as\u00ed empezar a trazar los dise\u00f1os en cadena. Material : Pl\u00e1stico [&hellip;]<\/p>\n","protected":false},"featured_media":623083,"comment_status":"open","ping_status":"closed","template":"","meta":{"_et_pb_use_builder":"","_et_pb_old_content":"","_et_gb_content_width":""},"product_brand":[],"product_cat":[91,21,20],"product_tag":[],"class_list":{"0":"post-633766","1":"product","2":"type-product","3":"status-publish","4":"has-post-thumbnail","6":"product_cat-accesorios-sala","7":"product_cat-arte-y-manipulacion","8":"product_cat-motricidad-fina","9":"pa_edad-4-a-5-anos","10":"pa_edad-5-a-6-anos","11":"pa_edad-6-a-8-anos","12":"pa_marca-quercetti","13":"pa_medidas-28-x-20-x-13-cm","15":"first","16":"instock","17":"shipping-taxable","18":"purchasable","19":"product-type-simple"},"aioseo_notices":[],"_links":{"self":[{"href":"https:\/\/aukinkochile.com\/web\/wp-json\/wp\/v2\/product\/633766","targetHints":{"allow":["GET"]}}],"collection":[{"href":"https:\/\/aukinkochile.com\/web\/wp-json\/wp\/v2\/product"}],"about":[{"href":"https:\/\/aukinkochile.com\/web\/wp-json\/wp\/v2\/types\/product"}],"replies":[{"embeddable":true,"href":"https:\/\/aukinkochile.com\/web\/wp-json\/wp\/v2\/comments?post=633766"}],"wp:featuredmedia":[{"embeddable":true,"href":"https:\/\/aukinkochile.com\/web\/wp-json\/wp\/v2\/media\/623083"}],"wp:attachment":[{"href":"https:\/\/aukinkochile.com\/web\/wp-json\/wp\/v2\/media?parent=633766"}],"wp:term":[{"taxonomy":"product_brand","embeddable":true,"href":"https:\/\/aukinkochile.com\/web\/wp-json\/wp\/v2\/product_brand?post=633766"},{"taxonomy":"product_cat","embeddable":true,"href":"https:\/\/aukinkochile.com\/web\/wp-json\/wp\/v2\/product_cat?post=633766"},{"taxonomy":"product_tag","embeddable":true,"href":"https:\/\/aukinkochile.com\/web\/wp-json\/wp\/v2\/product_tag?post=633766"}],"curies":[{"name":"wp","href":"https:\/\/api.w.org\/{rel}","templated":true}]}}