{"id":633765,"date":"2026-02-23T16:31:23","date_gmt":"2026-02-23T16:31:23","guid":{"rendered":"https:\/\/aukinkochile.com\/web\/producto\/carretilla-metalica\/"},"modified":"2026-02-23T16:31:25","modified_gmt":"2026-02-23T16:31:25","slug":"carretilla-metalica","status":"publish","type":"product","link":"https:\/\/aukinkochile.com\/web\/producto\/carretilla-metalica\/","title":{"rendered":"Carretilla Met\u00e1lica"},"content":{"rendered":"<p>Preciosa carretilla de metal con mango de madera. De peso adecuado para un ni\u00f1o. De excelente calidad y dise\u00f1o.<\/p>\n<p><p><strong>Material : <\/strong> Madera y Metal<\/p>\n<p><strong>C\u00f3digo Aukinko : <\/strong> 06-7710<\/p>\n<p><strong>C\u00f3digo Convenio Marco : <\/strong> x<\/p>\n","protected":false},"excerpt":{"rendered":"<p>Preciosa carretilla de metal con mango de madera. De peso adecuado para un ni\u00f1o. De excelente calidad y dise\u00f1o. Material : Madera y Metal C\u00f3digo Aukinko : 06-7710 C\u00f3digo Convenio Marco : x<\/p>\n","protected":false},"featured_media":623183,"comment_status":"open","ping_status":"closed","template":"","meta":{"_et_pb_use_builder":"","_et_pb_old_content":"","_et_gb_content_width":""},"product_brand":[],"product_cat":[1005,17,18],"product_tag":[],"class_list":{"0":"post-633765","1":"product","2":"type-product","3":"status-publish","4":"has-post-thumbnail","6":"product_cat-accesorios-patio","7":"product_cat-juegos-de-rol","8":"product_cat-motricidad-gruesa","9":"pa_edad-10-anos","10":"pa_edad-3-a-4-anos","11":"pa_edad-4-a-5-anos","12":"pa_edad-5-a-6-anos","13":"pa_edad-6-a-8-anos","14":"pa_edad-8-a-10-anos","15":"pa_marca-nyby","16":"pa_medidas-76-x-76-x-26-cm","18":"first","19":"instock","20":"shipping-taxable","21":"purchasable","22":"product-type-simple"},"aioseo_notices":[],"_links":{"self":[{"href":"https:\/\/aukinkochile.com\/web\/wp-json\/wp\/v2\/product\/633765","targetHints":{"allow":["GET"]}}],"collection":[{"href":"https:\/\/aukinkochile.com\/web\/wp-json\/wp\/v2\/product"}],"about":[{"href":"https:\/\/aukinkochile.com\/web\/wp-json\/wp\/v2\/types\/product"}],"replies":[{"embeddable":true,"href":"https:\/\/aukinkochile.com\/web\/wp-json\/wp\/v2\/comments?post=633765"}],"wp:featuredmedia":[{"embeddable":true,"href":"https:\/\/aukinkochile.com\/web\/wp-json\/wp\/v2\/media\/623183"}],"wp:attachment":[{"href":"https:\/\/aukinkochile.com\/web\/wp-json\/wp\/v2\/media?parent=633765"}],"wp:term":[{"taxonomy":"product_brand","embeddable":true,"href":"https:\/\/aukinkochile.com\/web\/wp-json\/wp\/v2\/product_brand?post=633765"},{"taxonomy":"product_cat","embeddable":true,"href":"https:\/\/aukinkochile.com\/web\/wp-json\/wp\/v2\/product_cat?post=633765"},{"taxonomy":"product_tag","embeddable":true,"href":"https:\/\/aukinkochile.com\/web\/wp-json\/wp\/v2\/product_tag?post=633765"}],"curies":[{"name":"wp","href":"https:\/\/api.w.org\/{rel}","templated":true}]}}