{"id":633753,"date":"2026-02-23T16:31:11","date_gmt":"2026-02-23T16:31:11","guid":{"rendered":"https:\/\/aukinkochile.com\/web\/producto\/cocina-set-de-comida-con-bandeja\/"},"modified":"2026-02-23T16:31:12","modified_gmt":"2026-02-23T16:31:12","slug":"cocina-set-de-comida-con-bandeja","status":"publish","type":"product","link":"https:\/\/aukinkochile.com\/web\/producto\/cocina-set-de-comida-con-bandeja\/","title":{"rendered":"Cocina Set De Comida Con Bandeja"},"content":{"rendered":"<p>Completo set de cocina de 52 piezas para 4 personas. Ollas, tetera, tazas, platos colador y elementos para pasteler\u00eda. Un completo juego de alegres colores y excelente calidad.<\/p>\n<p><p><strong>Material : <\/strong> Pl\u00e1stico<\/p>\n<p><strong>C\u00f3digo Aukinko : <\/strong> 05-545439<\/p>\n<p><strong>C\u00f3digo Convenio Marco : <\/strong> x<\/p>\n","protected":false},"excerpt":{"rendered":"<p>Completo set de cocina de 52 piezas para 4 personas. Ollas, tetera, tazas, platos colador y elementos para pasteler\u00eda. Un completo juego de alegres colores y excelente calidad. Material : Pl\u00e1stico C\u00f3digo Aukinko : 05-545439 C\u00f3digo Convenio Marco : x<\/p>\n","protected":false},"featured_media":633752,"comment_status":"open","ping_status":"closed","template":"","meta":{"_et_pb_use_builder":"","_et_pb_old_content":"","_et_gb_content_width":""},"product_brand":[],"product_cat":[91,17],"product_tag":[],"class_list":{"0":"post-633753","1":"product","2":"type-product","3":"status-publish","4":"has-post-thumbnail","6":"product_cat-accesorios-sala","7":"product_cat-juegos-de-rol","8":"pa_edad-1-a-2-anos","9":"pa_edad-2-a-3-anos","10":"pa_edad-3-a-4-anos","11":"pa_edad-4-a-5-anos","12":"pa_edad-5-a-6-anos","13":"pa_edad-6-a-8-anos","14":"pa_marca-gowi","15":"pa_medidas-39-x-33-cm","17":"first","18":"instock","19":"shipping-taxable","20":"purchasable","21":"product-type-simple"},"aioseo_notices":[],"_links":{"self":[{"href":"https:\/\/aukinkochile.com\/web\/wp-json\/wp\/v2\/product\/633753","targetHints":{"allow":["GET"]}}],"collection":[{"href":"https:\/\/aukinkochile.com\/web\/wp-json\/wp\/v2\/product"}],"about":[{"href":"https:\/\/aukinkochile.com\/web\/wp-json\/wp\/v2\/types\/product"}],"replies":[{"embeddable":true,"href":"https:\/\/aukinkochile.com\/web\/wp-json\/wp\/v2\/comments?post=633753"}],"wp:featuredmedia":[{"embeddable":true,"href":"https:\/\/aukinkochile.com\/web\/wp-json\/wp\/v2\/media\/633752"}],"wp:attachment":[{"href":"https:\/\/aukinkochile.com\/web\/wp-json\/wp\/v2\/media?parent=633753"}],"wp:term":[{"taxonomy":"product_brand","embeddable":true,"href":"https:\/\/aukinkochile.com\/web\/wp-json\/wp\/v2\/product_brand?post=633753"},{"taxonomy":"product_cat","embeddable":true,"href":"https:\/\/aukinkochile.com\/web\/wp-json\/wp\/v2\/product_cat?post=633753"},{"taxonomy":"product_tag","embeddable":true,"href":"https:\/\/aukinkochile.com\/web\/wp-json\/wp\/v2\/product_tag?post=633753"}],"curies":[{"name":"wp","href":"https:\/\/api.w.org\/{rel}","templated":true}]}}