{"id":633750,"date":"2026-02-23T16:31:04","date_gmt":"2026-02-23T16:31:04","guid":{"rendered":"https:\/\/aukinkochile.com\/web\/producto\/atornillar-48-pz\/"},"modified":"2026-02-23T16:31:09","modified_gmt":"2026-02-23T16:31:09","slug":"atornillar-48-pz","status":"publish","type":"product","link":"https:\/\/aukinkochile.com\/web\/producto\/atornillar-48-pz\/","title":{"rendered":"Atornillar 48 pz"},"content":{"rendered":"<p>Divertido juego en el que los ni\u00f1os y ni\u00f1as desarrollan la motricidad fina y la coordinaci\u00f3n mano-ojo enroscando y desenroscando estos coloridos tornillos en sus tuercas. Incluye 48 piezas con diferentes colores y firmas geom\u00e9tricas. De materias suave y resistente y colores vivos y atractivos para los m\u00e1s peque\u00f1os. Viene en un tonel transparente con asa f\u00e1cil de llevar a todas partes.<\/p>\n<p><p><strong>Material : <\/strong> Pl\u00e1stico<\/p>\n<p><strong>C\u00f3digo Aukinko : <\/strong> 05-502300<\/p>\n<p><strong>C\u00f3digo Convenio Marco : <\/strong> x<\/p>\n","protected":false},"excerpt":{"rendered":"<p>Divertido juego en el que los ni\u00f1os y ni\u00f1as desarrollan la motricidad fina y la coordinaci\u00f3n mano-ojo enroscando y desenroscando estos coloridos tornillos en sus tuercas. Incluye 48 piezas con diferentes colores y firmas geom\u00e9tricas. De materias suave y resistente y colores vivos y atractivos para los m\u00e1s peque\u00f1os. Viene en un tonel transparente con [&hellip;]<\/p>\n","protected":false},"featured_media":630217,"comment_status":"open","ping_status":"closed","template":"","meta":{"_et_pb_use_builder":"","_et_pb_old_content":"","_et_gb_content_width":""},"product_brand":[],"product_cat":[91,20],"product_tag":[],"class_list":{"0":"post-633750","1":"product","2":"type-product","3":"status-publish","4":"has-post-thumbnail","6":"product_cat-accesorios-sala","7":"product_cat-motricidad-fina","8":"pa_edad-2-a-3-anos","9":"pa_edad-3-a-4-anos","10":"pa_edad-4-a-5-anos","11":"pa_marca-gowi","12":"pa_medidas-4317","13":"pa_medidas-5-cm","14":"pa_medidas-5-x-15","16":"first","17":"instock","18":"shipping-taxable","19":"purchasable","20":"product-type-simple"},"aioseo_notices":[],"_links":{"self":[{"href":"https:\/\/aukinkochile.com\/web\/wp-json\/wp\/v2\/product\/633750","targetHints":{"allow":["GET"]}}],"collection":[{"href":"https:\/\/aukinkochile.com\/web\/wp-json\/wp\/v2\/product"}],"about":[{"href":"https:\/\/aukinkochile.com\/web\/wp-json\/wp\/v2\/types\/product"}],"replies":[{"embeddable":true,"href":"https:\/\/aukinkochile.com\/web\/wp-json\/wp\/v2\/comments?post=633750"}],"wp:featuredmedia":[{"embeddable":true,"href":"https:\/\/aukinkochile.com\/web\/wp-json\/wp\/v2\/media\/630217"}],"wp:attachment":[{"href":"https:\/\/aukinkochile.com\/web\/wp-json\/wp\/v2\/media?parent=633750"}],"wp:term":[{"taxonomy":"product_brand","embeddable":true,"href":"https:\/\/aukinkochile.com\/web\/wp-json\/wp\/v2\/product_brand?post=633750"},{"taxonomy":"product_cat","embeddable":true,"href":"https:\/\/aukinkochile.com\/web\/wp-json\/wp\/v2\/product_cat?post=633750"},{"taxonomy":"product_tag","embeddable":true,"href":"https:\/\/aukinkochile.com\/web\/wp-json\/wp\/v2\/product_tag?post=633750"}],"curies":[{"name":"wp","href":"https:\/\/api.w.org\/{rel}","templated":true}]}}