{"id":633712,"date":"2026-01-09T21:40:25","date_gmt":"2026-01-09T21:40:25","guid":{"rendered":"https:\/\/aukinkochile.com\/web\/producto\/tuto-mordedor-jirafa\/"},"modified":"2026-01-09T21:43:08","modified_gmt":"2026-01-09T21:43:08","slug":"tuto-mordedor-jirafa","status":"publish","type":"product","link":"https:\/\/aukinkochile.com\/web\/producto\/tuto-mordedor-jirafa\/","title":{"rendered":"Tuto Mordedor Jirafa"},"content":{"rendered":"<p>Todos los ni\u00f1os y ni\u00f1as peque\u00f1as necesitan consuelo especialmente cuando les empiezan a salir los dientes. Este hermoso tuto incluye un animal mordedor de safari combinado con telas de colores llamativos. Fabricado a partir de una combinaci\u00f3n de caucho natural org\u00e1nico puro y tejidos org\u00e1nicos. La hoja de goma es excelente porque brinda comodidad durante la dentici\u00f3n. Telas suaves y naturales en colores llamativos. El tuto es f\u00e1cil de agarrar para manos peque\u00f1as. Producto 100% org\u00e1nico.<\/p>\n<p><p><strong>Material : <\/strong> Algod\u00f3n 100% Org\u00e1nico<\/p>\n<p><strong>C\u00f3digo Aukinko : <\/strong> 18-498302<\/p>\n<p><strong>C\u00f3digo Convenio Marco : <\/strong> x<\/p>\n","protected":false},"excerpt":{"rendered":"<p>Todos los ni\u00f1os y ni\u00f1as peque\u00f1as necesitan consuelo especialmente cuando les empiezan a salir los dientes. Este hermoso tuto incluye un animal mordedor de safari combinado con telas de colores llamativos. Fabricado a partir de una combinaci\u00f3n de caucho natural org\u00e1nico puro y tejidos org\u00e1nicos. La hoja de goma es excelente porque brinda comodidad durante [&hellip;]<\/p>\n","protected":false},"featured_media":627134,"comment_status":"open","ping_status":"closed","template":"","meta":{"_et_pb_use_builder":"","_et_pb_old_content":"","_et_gb_content_width":""},"product_brand":[],"product_cat":[23],"product_tag":[],"class_list":{"0":"post-633712","1":"product","2":"type-product","3":"status-publish","4":"has-post-thumbnail","6":"product_cat-primeros-anos","7":"pa_edad-0-a-1-ano","8":"pa_edad-1-a-2-anos","9":"pa_marca-tikiri","10":"pa_medidas-30-x-30-cm","12":"first","13":"instock","14":"shipping-taxable","15":"purchasable","16":"product-type-simple"},"aioseo_notices":[],"_links":{"self":[{"href":"https:\/\/aukinkochile.com\/web\/wp-json\/wp\/v2\/product\/633712","targetHints":{"allow":["GET"]}}],"collection":[{"href":"https:\/\/aukinkochile.com\/web\/wp-json\/wp\/v2\/product"}],"about":[{"href":"https:\/\/aukinkochile.com\/web\/wp-json\/wp\/v2\/types\/product"}],"replies":[{"embeddable":true,"href":"https:\/\/aukinkochile.com\/web\/wp-json\/wp\/v2\/comments?post=633712"}],"wp:featuredmedia":[{"embeddable":true,"href":"https:\/\/aukinkochile.com\/web\/wp-json\/wp\/v2\/media\/627134"}],"wp:attachment":[{"href":"https:\/\/aukinkochile.com\/web\/wp-json\/wp\/v2\/media?parent=633712"}],"wp:term":[{"taxonomy":"product_brand","embeddable":true,"href":"https:\/\/aukinkochile.com\/web\/wp-json\/wp\/v2\/product_brand?post=633712"},{"taxonomy":"product_cat","embeddable":true,"href":"https:\/\/aukinkochile.com\/web\/wp-json\/wp\/v2\/product_cat?post=633712"},{"taxonomy":"product_tag","embeddable":true,"href":"https:\/\/aukinkochile.com\/web\/wp-json\/wp\/v2\/product_tag?post=633712"}],"curies":[{"name":"wp","href":"https:\/\/api.w.org\/{rel}","templated":true}]}}