{"id":633711,"date":"2026-01-09T21:40:24","date_gmt":"2026-01-09T21:40:24","guid":{"rendered":"https:\/\/aukinkochile.com\/web\/producto\/tuto-mordedor-elefante\/"},"modified":"2026-01-09T21:43:08","modified_gmt":"2026-01-09T21:43:08","slug":"tuto-mordedor-elefante","status":"publish","type":"product","link":"https:\/\/aukinkochile.com\/web\/producto\/tuto-mordedor-elefante\/","title":{"rendered":"Tuto Mordedor Elefante"},"content":{"rendered":"<p>Adorable tuto de elefante ideal para reci\u00e9n nacidos. Tiene una cabeza suave y bracitos para brindarle a\u00fan m\u00e1s alegr\u00eda y comodidad a los m\u00e1s peque\u00f1os. Incluye una suave hoja de caucho natural para acompa\u00f1ar a los ni\u00f1os y ni\u00f1as en la etapa de la dentici\u00f3n. Est\u00e1 hecho con algod\u00f3n org\u00e1nico certificado que garantiza total seguridad.<\/p>\n<p><p><strong>Material : <\/strong> Algod\u00f3n Org\u00e1nico y Goma Eco<\/p>\n<p><strong>C\u00f3digo Aukinko : <\/strong> 18-498301<\/p>\n<p><strong>C\u00f3digo Convenio Marco : <\/strong> x<\/p>\n","protected":false},"excerpt":{"rendered":"<p>Adorable tuto de elefante ideal para reci\u00e9n nacidos. Tiene una cabeza suave y bracitos para brindarle a\u00fan m\u00e1s alegr\u00eda y comodidad a los m\u00e1s peque\u00f1os. Incluye una suave hoja de caucho natural para acompa\u00f1ar a los ni\u00f1os y ni\u00f1as en la etapa de la dentici\u00f3n. Est\u00e1 hecho con algod\u00f3n org\u00e1nico certificado que garantiza total seguridad. [&hellip;]<\/p>\n","protected":false},"featured_media":633710,"comment_status":"open","ping_status":"closed","template":"","meta":{"_et_pb_use_builder":"","_et_pb_old_content":"","_et_gb_content_width":""},"product_brand":[],"product_cat":[23],"product_tag":[],"class_list":{"0":"post-633711","1":"product","2":"type-product","3":"status-publish","4":"has-post-thumbnail","6":"product_cat-primeros-anos","7":"pa_edad-0-a-1-ano","8":"pa_edad-1-a-2-anos","9":"pa_marca-tikiri","10":"pa_medidas-30-x-30-cm","12":"first","13":"instock","14":"shipping-taxable","15":"purchasable","16":"product-type-simple"},"aioseo_notices":[],"_links":{"self":[{"href":"https:\/\/aukinkochile.com\/web\/wp-json\/wp\/v2\/product\/633711","targetHints":{"allow":["GET"]}}],"collection":[{"href":"https:\/\/aukinkochile.com\/web\/wp-json\/wp\/v2\/product"}],"about":[{"href":"https:\/\/aukinkochile.com\/web\/wp-json\/wp\/v2\/types\/product"}],"replies":[{"embeddable":true,"href":"https:\/\/aukinkochile.com\/web\/wp-json\/wp\/v2\/comments?post=633711"}],"wp:featuredmedia":[{"embeddable":true,"href":"https:\/\/aukinkochile.com\/web\/wp-json\/wp\/v2\/media\/633710"}],"wp:attachment":[{"href":"https:\/\/aukinkochile.com\/web\/wp-json\/wp\/v2\/media?parent=633711"}],"wp:term":[{"taxonomy":"product_brand","embeddable":true,"href":"https:\/\/aukinkochile.com\/web\/wp-json\/wp\/v2\/product_brand?post=633711"},{"taxonomy":"product_cat","embeddable":true,"href":"https:\/\/aukinkochile.com\/web\/wp-json\/wp\/v2\/product_cat?post=633711"},{"taxonomy":"product_tag","embeddable":true,"href":"https:\/\/aukinkochile.com\/web\/wp-json\/wp\/v2\/product_tag?post=633711"}],"curies":[{"name":"wp","href":"https:\/\/api.w.org\/{rel}","templated":true}]}}