{"id":633707,"date":"2026-01-09T21:40:23","date_gmt":"2026-01-09T21:40:23","guid":{"rendered":"https:\/\/aukinkochile.com\/web\/producto\/pelota-goma-natural-oceano-10-cm\/"},"modified":"2026-01-09T21:43:08","modified_gmt":"2026-01-09T21:43:08","slug":"pelota-goma-natural-oceano-10-cm","status":"publish","type":"product","link":"https:\/\/aukinkochile.com\/web\/producto\/pelota-goma-natural-oceano-10-cm\/","title":{"rendered":"Pelota Goma Natural Oc\u00e9ano 10 cm"},"content":{"rendered":"<p>Hermosa pelota de goma org\u00e1nica pintada con pinturas no t\u00f3xicas lo que la hace ideal para la etapa de dentici\u00f3n de los m\u00e1s peque\u00f1os. El sonajero incorporado produce un sonido relajante y el caucho natural es perfecto para una dentici\u00f3n suave. Estimula el desarrollo de la coordinaci\u00f3n mano-ojo y las habilidades motoras de ni\u00f1os y ni\u00f1as. Ayuda al desarrollo visual y el reconocimiento de colores primarios y vibrantes. Incluye texturas que la hacen a\u00fan m\u00e1s atractiva en la primera infancia. Fabricada en material natural y sustentable.<\/p>\n<p><p><strong>Material : <\/strong> Goma Eco<\/p>\n<p><strong>C\u00f3digo Aukinko : <\/strong> 18-498251<\/p>\n<p><strong>C\u00f3digo Convenio Marco : <\/strong> x<\/p>\n","protected":false},"excerpt":{"rendered":"<p>Hermosa pelota de goma org\u00e1nica pintada con pinturas no t\u00f3xicas lo que la hace ideal para la etapa de dentici\u00f3n de los m\u00e1s peque\u00f1os. El sonajero incorporado produce un sonido relajante y el caucho natural es perfecto para una dentici\u00f3n suave. Estimula el desarrollo de la coordinaci\u00f3n mano-ojo y las habilidades motoras de ni\u00f1os y [&hellip;]<\/p>\n","protected":false},"featured_media":633706,"comment_status":"open","ping_status":"closed","template":"","meta":{"_et_pb_use_builder":"","_et_pb_old_content":"","_et_gb_content_width":""},"product_brand":[],"product_cat":[18,23],"product_tag":[],"class_list":{"0":"post-633707","1":"product","2":"type-product","3":"status-publish","4":"has-post-thumbnail","6":"product_cat-motricidad-gruesa","7":"product_cat-primeros-anos","8":"pa_edad-0-a-1-ano","9":"pa_edad-1-a-2-anos","10":"pa_marca-tikiri","11":"pa_medidas-10-x-10-x-10-cm","13":"first","14":"instock","15":"shipping-taxable","16":"purchasable","17":"product-type-simple"},"aioseo_notices":[],"_links":{"self":[{"href":"https:\/\/aukinkochile.com\/web\/wp-json\/wp\/v2\/product\/633707","targetHints":{"allow":["GET"]}}],"collection":[{"href":"https:\/\/aukinkochile.com\/web\/wp-json\/wp\/v2\/product"}],"about":[{"href":"https:\/\/aukinkochile.com\/web\/wp-json\/wp\/v2\/types\/product"}],"replies":[{"embeddable":true,"href":"https:\/\/aukinkochile.com\/web\/wp-json\/wp\/v2\/comments?post=633707"}],"wp:featuredmedia":[{"embeddable":true,"href":"https:\/\/aukinkochile.com\/web\/wp-json\/wp\/v2\/media\/633706"}],"wp:attachment":[{"href":"https:\/\/aukinkochile.com\/web\/wp-json\/wp\/v2\/media?parent=633707"}],"wp:term":[{"taxonomy":"product_brand","embeddable":true,"href":"https:\/\/aukinkochile.com\/web\/wp-json\/wp\/v2\/product_brand?post=633707"},{"taxonomy":"product_cat","embeddable":true,"href":"https:\/\/aukinkochile.com\/web\/wp-json\/wp\/v2\/product_cat?post=633707"},{"taxonomy":"product_tag","embeddable":true,"href":"https:\/\/aukinkochile.com\/web\/wp-json\/wp\/v2\/product_tag?post=633707"}],"curies":[{"name":"wp","href":"https:\/\/api.w.org\/{rel}","templated":true}]}}