{"id":633705,"date":"2026-01-09T21:40:23","date_gmt":"2026-01-09T21:40:23","guid":{"rendered":"https:\/\/aukinkochile.com\/web\/producto\/cubo-actividades-oceano\/"},"modified":"2026-01-09T21:43:07","modified_gmt":"2026-01-09T21:43:07","slug":"cubo-actividades-oceano","status":"publish","type":"product","link":"https:\/\/aukinkochile.com\/web\/producto\/cubo-actividades-oceano\/","title":{"rendered":"Cubo Actividades Oc\u00e9ano"},"content":{"rendered":"<p>Divertido cubo de actividades dise\u00f1ado para estimular el desarrollo de las habilidades cognitivas y motoras de los m\u00e1s peque\u00f1os de una forma muy entretenida. Fabricado con tela 100% org\u00e1nica. Es ligero y cuenta con 6 lados con actividades de juego: una suave tortuga de tela, un espejo para el autodescubrimiento, una divertida medusa con tent\u00e1culos de cinta, una peque\u00f1a estrella de mar, una almeja desmontable con una cinta, un lado de tela estampada y un asa f\u00e1cil de sujetar. Fabricado con algod\u00f3n org\u00e1nico.<\/p>\n<p><p><strong>Material : <\/strong> Algod\u00f3n Org\u00e1nico<\/p>\n<p><strong>C\u00f3digo Aukinko : <\/strong> 18-498203<\/p>\n<p><strong>C\u00f3digo Convenio Marco : <\/strong> x<\/p>\n","protected":false},"excerpt":{"rendered":"<p>Divertido cubo de actividades dise\u00f1ado para estimular el desarrollo de las habilidades cognitivas y motoras de los m\u00e1s peque\u00f1os de una forma muy entretenida. Fabricado con tela 100% org\u00e1nica. Es ligero y cuenta con 6 lados con actividades de juego: una suave tortuga de tela, un espejo para el autodescubrimiento, una divertida medusa con tent\u00e1culos [&hellip;]<\/p>\n","protected":false},"featured_media":633704,"comment_status":"open","ping_status":"closed","template":"","meta":{"_et_pb_use_builder":"","_et_pb_old_content":"","_et_gb_content_width":""},"product_brand":[],"product_cat":[20,23],"product_tag":[],"class_list":{"0":"post-633705","1":"product","2":"type-product","3":"status-publish","4":"has-post-thumbnail","6":"product_cat-motricidad-fina","7":"product_cat-primeros-anos","8":"pa_edad-0-a-1-ano","9":"pa_edad-1-a-2-anos","10":"pa_marca-tikiri","11":"pa_medidas-14-x-14-x-14-cm","13":"first","14":"instock","15":"shipping-taxable","16":"purchasable","17":"product-type-simple"},"aioseo_notices":[],"_links":{"self":[{"href":"https:\/\/aukinkochile.com\/web\/wp-json\/wp\/v2\/product\/633705","targetHints":{"allow":["GET"]}}],"collection":[{"href":"https:\/\/aukinkochile.com\/web\/wp-json\/wp\/v2\/product"}],"about":[{"href":"https:\/\/aukinkochile.com\/web\/wp-json\/wp\/v2\/types\/product"}],"replies":[{"embeddable":true,"href":"https:\/\/aukinkochile.com\/web\/wp-json\/wp\/v2\/comments?post=633705"}],"wp:featuredmedia":[{"embeddable":true,"href":"https:\/\/aukinkochile.com\/web\/wp-json\/wp\/v2\/media\/633704"}],"wp:attachment":[{"href":"https:\/\/aukinkochile.com\/web\/wp-json\/wp\/v2\/media?parent=633705"}],"wp:term":[{"taxonomy":"product_brand","embeddable":true,"href":"https:\/\/aukinkochile.com\/web\/wp-json\/wp\/v2\/product_brand?post=633705"},{"taxonomy":"product_cat","embeddable":true,"href":"https:\/\/aukinkochile.com\/web\/wp-json\/wp\/v2\/product_cat?post=633705"},{"taxonomy":"product_tag","embeddable":true,"href":"https:\/\/aukinkochile.com\/web\/wp-json\/wp\/v2\/product_tag?post=633705"}],"curies":[{"name":"wp","href":"https:\/\/api.w.org\/{rel}","templated":true}]}}