{"id":633703,"date":"2026-01-09T21:40:21","date_gmt":"2026-01-09T21:40:21","guid":{"rendered":"https:\/\/aukinkochile.com\/web\/producto\/tuto-mordedor-llama\/"},"modified":"2026-01-09T21:43:06","modified_gmt":"2026-01-09T21:43:06","slug":"tuto-mordedor-llama","status":"publish","type":"product","link":"https:\/\/aukinkochile.com\/web\/producto\/tuto-mordedor-llama\/","title":{"rendered":"Tuto Mordedor Llama"},"content":{"rendered":"<p>Precioso tuto con cabeza de llama 100% de caucho (el caucho es ideal para la dentici\u00f3n y el dolor de enc\u00edas) y cuerpo de genero suave. Pintado con tintas a base de soja. Esta marca tiene una producci\u00f3n \u00e9ticamente sostenible, materiales ecol\u00f3gicos y un hermoso dise\u00f1o. <\/p>\n<p><p><strong>Material : <\/strong> Caucho Natural 100% Org\u00e1nico y Algod\u00f3n<\/p>\n<p><strong>C\u00f3digo Aukinko : <\/strong> 18-498006<\/p>\n<p><strong>C\u00f3digo Convenio Marco : <\/strong> x<\/p>\n","protected":false},"excerpt":{"rendered":"<p>Precioso tuto con cabeza de llama 100% de caucho (el caucho es ideal para la dentici\u00f3n y el dolor de enc\u00edas) y cuerpo de genero suave. Pintado con tintas a base de soja. Esta marca tiene una producci\u00f3n \u00e9ticamente sostenible, materiales ecol\u00f3gicos y un hermoso dise\u00f1o. Material : Caucho Natural 100% Org\u00e1nico y Algod\u00f3n C\u00f3digo [&hellip;]<\/p>\n","protected":false},"featured_media":633702,"comment_status":"open","ping_status":"closed","template":"","meta":{"_et_pb_use_builder":"","_et_pb_old_content":"","_et_gb_content_width":""},"product_brand":[],"product_cat":[23],"product_tag":[],"class_list":{"0":"post-633703","1":"product","2":"type-product","3":"status-publish","4":"has-post-thumbnail","6":"product_cat-primeros-anos","7":"pa_edad-0-a-1-ano","8":"pa_edad-1-a-2-anos","9":"pa_marca-tikiri","10":"pa_medidas-25-cm","12":"first","13":"instock","14":"shipping-taxable","15":"purchasable","16":"product-type-simple"},"aioseo_notices":[],"_links":{"self":[{"href":"https:\/\/aukinkochile.com\/web\/wp-json\/wp\/v2\/product\/633703","targetHints":{"allow":["GET"]}}],"collection":[{"href":"https:\/\/aukinkochile.com\/web\/wp-json\/wp\/v2\/product"}],"about":[{"href":"https:\/\/aukinkochile.com\/web\/wp-json\/wp\/v2\/types\/product"}],"replies":[{"embeddable":true,"href":"https:\/\/aukinkochile.com\/web\/wp-json\/wp\/v2\/comments?post=633703"}],"wp:featuredmedia":[{"embeddable":true,"href":"https:\/\/aukinkochile.com\/web\/wp-json\/wp\/v2\/media\/633702"}],"wp:attachment":[{"href":"https:\/\/aukinkochile.com\/web\/wp-json\/wp\/v2\/media?parent=633703"}],"wp:term":[{"taxonomy":"product_brand","embeddable":true,"href":"https:\/\/aukinkochile.com\/web\/wp-json\/wp\/v2\/product_brand?post=633703"},{"taxonomy":"product_cat","embeddable":true,"href":"https:\/\/aukinkochile.com\/web\/wp-json\/wp\/v2\/product_cat?post=633703"},{"taxonomy":"product_tag","embeddable":true,"href":"https:\/\/aukinkochile.com\/web\/wp-json\/wp\/v2\/product_tag?post=633703"}],"curies":[{"name":"wp","href":"https:\/\/api.w.org\/{rel}","templated":true}]}}