{"id":633682,"date":"2026-01-09T21:40:16","date_gmt":"2026-01-09T21:40:16","guid":{"rendered":"https:\/\/aukinkochile.com\/web\/producto\/mordedor-helicoptero-8-cm\/"},"modified":"2026-01-09T21:43:05","modified_gmt":"2026-01-09T21:43:05","slug":"mordedor-helicoptero-8-cm","status":"publish","type":"product","link":"https:\/\/aukinkochile.com\/web\/producto\/mordedor-helicoptero-8-cm\/","title":{"rendered":"Mordedor Helic\u00f3ptero 8 cm"},"content":{"rendered":"<p>Este helic\u00f3ptero multiusos es un mordedor, sonajero y juguete de ba\u00f1o seguro y divertido para los m\u00e1s peque\u00f1os. El sonajero incorporado produce un sonido relajante y el caucho natural es perfecto para una dentici\u00f3n suave. Pintado a mano con tinta al agua y con certificaci\u00f3n GOLS, es una forma divertida de estimular el lenguaje integrando vocabulario de veh\u00edculos. Fabricado en goma ecol\u00f3gica.<\/p>\n<p><p><strong>Material : <\/strong> Goma Eco<\/p>\n<p><strong>C\u00f3digo Aukinko : <\/strong> 18-497703<\/p>\n<p><strong>C\u00f3digo Convenio Marco : <\/strong> x<\/p>\n","protected":false},"excerpt":{"rendered":"<p>Este helic\u00f3ptero multiusos es un mordedor, sonajero y juguete de ba\u00f1o seguro y divertido para los m\u00e1s peque\u00f1os. El sonajero incorporado produce un sonido relajante y el caucho natural es perfecto para una dentici\u00f3n suave. Pintado a mano con tinta al agua y con certificaci\u00f3n GOLS, es una forma divertida de estimular el lenguaje integrando [&hellip;]<\/p>\n","protected":false},"featured_media":633681,"comment_status":"open","ping_status":"closed","template":"","meta":{"_et_pb_use_builder":"","_et_pb_old_content":"","_et_gb_content_width":""},"product_brand":[],"product_cat":[212,23],"product_tag":[],"class_list":{"0":"post-633682","1":"product","2":"type-product","3":"status-publish","4":"has-post-thumbnail","6":"product_cat-munecos-y-figuras","7":"product_cat-primeros-anos","8":"pa_edad-0-a-1-ano","9":"pa_edad-1-a-2-anos","10":"pa_edad-2-a-3-anos","11":"pa_marca-tikiri","12":"pa_medidas-8-cm","14":"first","15":"instock","16":"shipping-taxable","17":"purchasable","18":"product-type-simple"},"aioseo_notices":[],"_links":{"self":[{"href":"https:\/\/aukinkochile.com\/web\/wp-json\/wp\/v2\/product\/633682","targetHints":{"allow":["GET"]}}],"collection":[{"href":"https:\/\/aukinkochile.com\/web\/wp-json\/wp\/v2\/product"}],"about":[{"href":"https:\/\/aukinkochile.com\/web\/wp-json\/wp\/v2\/types\/product"}],"replies":[{"embeddable":true,"href":"https:\/\/aukinkochile.com\/web\/wp-json\/wp\/v2\/comments?post=633682"}],"wp:featuredmedia":[{"embeddable":true,"href":"https:\/\/aukinkochile.com\/web\/wp-json\/wp\/v2\/media\/633681"}],"wp:attachment":[{"href":"https:\/\/aukinkochile.com\/web\/wp-json\/wp\/v2\/media?parent=633682"}],"wp:term":[{"taxonomy":"product_brand","embeddable":true,"href":"https:\/\/aukinkochile.com\/web\/wp-json\/wp\/v2\/product_brand?post=633682"},{"taxonomy":"product_cat","embeddable":true,"href":"https:\/\/aukinkochile.com\/web\/wp-json\/wp\/v2\/product_cat?post=633682"},{"taxonomy":"product_tag","embeddable":true,"href":"https:\/\/aukinkochile.com\/web\/wp-json\/wp\/v2\/product_tag?post=633682"}],"curies":[{"name":"wp","href":"https:\/\/api.w.org\/{rel}","templated":true}]}}