{"id":633672,"date":"2026-01-09T21:40:13","date_gmt":"2026-01-09T21:40:13","guid":{"rendered":"https:\/\/aukinkochile.com\/web\/producto\/tuto-tortuga\/"},"modified":"2026-01-09T21:43:04","modified_gmt":"2026-01-09T21:43:04","slug":"tuto-tortuga","status":"publish","type":"product","link":"https:\/\/aukinkochile.com\/web\/producto\/tuto-tortuga\/","title":{"rendered":"Tuto Tortuga"},"content":{"rendered":"<p>Hermoso tuto con un amigable personaje para acompa\u00f1ar a los m\u00e1s peque\u00f1os desde los primeros meses. Hecho de algod\u00f3n org\u00e1nico estampado en el reverso. Apto para beb\u00e9s desde reci\u00e9n nacidos. Perfecto para que los m\u00e1s peque\u00f1os se sientan c\u00f3modos dondequiera que est\u00e9n. Lavar a mano \u00fanicamente.<\/p>\n<p><p><strong>Material : <\/strong> Algod\u00f3n Org\u00e1nico y Goma Eco<\/p>\n<p><strong>C\u00f3digo Aukinko : <\/strong> 18-497203<\/p>\n<p><strong>C\u00f3digo Convenio Marco : <\/strong> x<\/p>\n","protected":false},"excerpt":{"rendered":"<p>Hermoso tuto con un amigable personaje para acompa\u00f1ar a los m\u00e1s peque\u00f1os desde los primeros meses. Hecho de algod\u00f3n org\u00e1nico estampado en el reverso. Apto para beb\u00e9s desde reci\u00e9n nacidos. Perfecto para que los m\u00e1s peque\u00f1os se sientan c\u00f3modos dondequiera que est\u00e9n. Lavar a mano \u00fanicamente. Material : Algod\u00f3n Org\u00e1nico y Goma Eco C\u00f3digo Aukinko [&hellip;]<\/p>\n","protected":false},"featured_media":633671,"comment_status":"open","ping_status":"closed","template":"","meta":{"_et_pb_use_builder":"","_et_pb_old_content":"","_et_gb_content_width":""},"product_brand":[],"product_cat":[212,23],"product_tag":[],"class_list":{"0":"post-633672","1":"product","2":"type-product","3":"status-publish","4":"has-post-thumbnail","6":"product_cat-munecos-y-figuras","7":"product_cat-primeros-anos","8":"pa_edad-0-a-1-ano","9":"pa_edad-1-a-2-anos","10":"pa_edad-2-a-3-anos","11":"pa_marca-tikiri","12":"pa_medidas-38-cm","14":"first","15":"instock","16":"shipping-taxable","17":"purchasable","18":"product-type-simple"},"aioseo_notices":[],"_links":{"self":[{"href":"https:\/\/aukinkochile.com\/web\/wp-json\/wp\/v2\/product\/633672","targetHints":{"allow":["GET"]}}],"collection":[{"href":"https:\/\/aukinkochile.com\/web\/wp-json\/wp\/v2\/product"}],"about":[{"href":"https:\/\/aukinkochile.com\/web\/wp-json\/wp\/v2\/types\/product"}],"replies":[{"embeddable":true,"href":"https:\/\/aukinkochile.com\/web\/wp-json\/wp\/v2\/comments?post=633672"}],"wp:featuredmedia":[{"embeddable":true,"href":"https:\/\/aukinkochile.com\/web\/wp-json\/wp\/v2\/media\/633671"}],"wp:attachment":[{"href":"https:\/\/aukinkochile.com\/web\/wp-json\/wp\/v2\/media?parent=633672"}],"wp:term":[{"taxonomy":"product_brand","embeddable":true,"href":"https:\/\/aukinkochile.com\/web\/wp-json\/wp\/v2\/product_brand?post=633672"},{"taxonomy":"product_cat","embeddable":true,"href":"https:\/\/aukinkochile.com\/web\/wp-json\/wp\/v2\/product_cat?post=633672"},{"taxonomy":"product_tag","embeddable":true,"href":"https:\/\/aukinkochile.com\/web\/wp-json\/wp\/v2\/product_tag?post=633672"}],"curies":[{"name":"wp","href":"https:\/\/api.w.org\/{rel}","templated":true}]}}