{"id":633666,"date":"2026-01-09T21:40:12","date_gmt":"2026-01-09T21:40:12","guid":{"rendered":"https:\/\/aukinkochile.com\/web\/producto\/colgante-espiral-activity\/"},"modified":"2026-01-09T21:43:04","modified_gmt":"2026-01-09T21:43:04","slug":"colgante-espiral-activity","status":"publish","type":"product","link":"https:\/\/aukinkochile.com\/web\/producto\/colgante-espiral-activity\/","title":{"rendered":"Colgante Espiral Activity"},"content":{"rendered":"<p>Colgante espiral en movimiento para colocar en la barra de un cochecito, cuna o asiento. Los bebes estar\u00e1n encantados con este dulce juguetes con tem\u00e1tica de elefante. Cuenta con un espejo de pl\u00e1stico seguro, una mariposa arrugada, una estrella de cascabel y un adorable amigo elefante.<\/p>\n<p><p><strong>Material : <\/strong> Algod\u00f3n 100% Org\u00e1nico<\/p>\n<p><strong>C\u00f3digo Aukinko : <\/strong> 18-497001<\/p>\n<p><strong>C\u00f3digo Convenio Marco : <\/strong> x<\/p>\n","protected":false},"excerpt":{"rendered":"<p>Colgante espiral en movimiento para colocar en la barra de un cochecito, cuna o asiento. Los bebes estar\u00e1n encantados con este dulce juguetes con tem\u00e1tica de elefante. Cuenta con un espejo de pl\u00e1stico seguro, una mariposa arrugada, una estrella de cascabel y un adorable amigo elefante. Material : Algod\u00f3n 100% Org\u00e1nico C\u00f3digo Aukinko : 18-497001 [&hellip;]<\/p>\n","protected":false},"featured_media":633665,"comment_status":"open","ping_status":"closed","template":"","meta":{"_et_pb_use_builder":"","_et_pb_old_content":"","_et_gb_content_width":""},"product_brand":[],"product_cat":[23],"product_tag":[],"class_list":{"0":"post-633666","1":"product","2":"type-product","3":"status-publish","4":"has-post-thumbnail","6":"product_cat-primeros-anos","7":"pa_edad-0-a-1-ano","8":"pa_edad-1-a-2-anos","9":"pa_edad-2-a-3-anos","10":"pa_marca-tikiri","12":"first","13":"instock","14":"shipping-taxable","15":"purchasable","16":"product-type-simple"},"aioseo_notices":[],"_links":{"self":[{"href":"https:\/\/aukinkochile.com\/web\/wp-json\/wp\/v2\/product\/633666","targetHints":{"allow":["GET"]}}],"collection":[{"href":"https:\/\/aukinkochile.com\/web\/wp-json\/wp\/v2\/product"}],"about":[{"href":"https:\/\/aukinkochile.com\/web\/wp-json\/wp\/v2\/types\/product"}],"replies":[{"embeddable":true,"href":"https:\/\/aukinkochile.com\/web\/wp-json\/wp\/v2\/comments?post=633666"}],"wp:featuredmedia":[{"embeddable":true,"href":"https:\/\/aukinkochile.com\/web\/wp-json\/wp\/v2\/media\/633665"}],"wp:attachment":[{"href":"https:\/\/aukinkochile.com\/web\/wp-json\/wp\/v2\/media?parent=633666"}],"wp:term":[{"taxonomy":"product_brand","embeddable":true,"href":"https:\/\/aukinkochile.com\/web\/wp-json\/wp\/v2\/product_brand?post=633666"},{"taxonomy":"product_cat","embeddable":true,"href":"https:\/\/aukinkochile.com\/web\/wp-json\/wp\/v2\/product_cat?post=633666"},{"taxonomy":"product_tag","embeddable":true,"href":"https:\/\/aukinkochile.com\/web\/wp-json\/wp\/v2\/product_tag?post=633666"}],"curies":[{"name":"wp","href":"https:\/\/api.w.org\/{rel}","templated":true}]}}