{"id":633662,"date":"2026-01-09T21:40:11","date_gmt":"2026-01-09T21:40:11","guid":{"rendered":"https:\/\/aukinkochile.com\/web\/producto\/mordedor-conejo-12-cm-caja\/"},"modified":"2026-01-09T21:43:04","modified_gmt":"2026-01-09T21:43:04","slug":"mordedor-conejo-12-cm-caja","status":"publish","type":"product","link":"https:\/\/aukinkochile.com\/web\/producto\/mordedor-conejo-12-cm-caja\/","title":{"rendered":"Mordedor Conejo 12 cm caja"},"content":{"rendered":"<p>Este conejo multiusos es un mordedor, sonajero y juguete de ba\u00f1o seguro y divertido para los m\u00e1s peque\u00f1os. El sonajero incorporado produce un sonido relajante y el caucho natural es perfecto para una dentici\u00f3n suave. Pintado a mano con tinta al agua y con certificaci\u00f3n GOLS, es una forma divertida de despertar el amor y la curiosidad de ni\u00f1os y ni\u00f1as por los animales. Fabricado en goma ecol\u00f3gica.<\/p>\n<p><p><strong>Material : <\/strong> Goma Eco<\/p>\n<p><strong>C\u00f3digo Aukinko : <\/strong> 18-496814<\/p>\n<p><strong>C\u00f3digo Convenio Marco : <\/strong> x<\/p>\n","protected":false},"excerpt":{"rendered":"<p>Este conejo multiusos es un mordedor, sonajero y juguete de ba\u00f1o seguro y divertido para los m\u00e1s peque\u00f1os. El sonajero incorporado produce un sonido relajante y el caucho natural es perfecto para una dentici\u00f3n suave. Pintado a mano con tinta al agua y con certificaci\u00f3n GOLS, es una forma divertida de despertar el amor y [&hellip;]<\/p>\n","protected":false},"featured_media":633661,"comment_status":"open","ping_status":"closed","template":"","meta":{"_et_pb_use_builder":"","_et_pb_old_content":"","_et_gb_content_width":""},"product_brand":[],"product_cat":[212,23],"product_tag":[],"class_list":{"0":"post-633662","1":"product","2":"type-product","3":"status-publish","4":"has-post-thumbnail","6":"product_cat-munecos-y-figuras","7":"product_cat-primeros-anos","8":"pa_edad-0-a-1-ano","9":"pa_edad-1-a-2-anos","10":"pa_edad-2-a-3-anos","11":"pa_marca-tikiri","12":"pa_medidas-12-cm","14":"first","15":"instock","16":"shipping-taxable","17":"purchasable","18":"product-type-simple"},"aioseo_notices":[],"_links":{"self":[{"href":"https:\/\/aukinkochile.com\/web\/wp-json\/wp\/v2\/product\/633662","targetHints":{"allow":["GET"]}}],"collection":[{"href":"https:\/\/aukinkochile.com\/web\/wp-json\/wp\/v2\/product"}],"about":[{"href":"https:\/\/aukinkochile.com\/web\/wp-json\/wp\/v2\/types\/product"}],"replies":[{"embeddable":true,"href":"https:\/\/aukinkochile.com\/web\/wp-json\/wp\/v2\/comments?post=633662"}],"wp:featuredmedia":[{"embeddable":true,"href":"https:\/\/aukinkochile.com\/web\/wp-json\/wp\/v2\/media\/633661"}],"wp:attachment":[{"href":"https:\/\/aukinkochile.com\/web\/wp-json\/wp\/v2\/media?parent=633662"}],"wp:term":[{"taxonomy":"product_brand","embeddable":true,"href":"https:\/\/aukinkochile.com\/web\/wp-json\/wp\/v2\/product_brand?post=633662"},{"taxonomy":"product_cat","embeddable":true,"href":"https:\/\/aukinkochile.com\/web\/wp-json\/wp\/v2\/product_cat?post=633662"},{"taxonomy":"product_tag","embeddable":true,"href":"https:\/\/aukinkochile.com\/web\/wp-json\/wp\/v2\/product_tag?post=633662"}],"curies":[{"name":"wp","href":"https:\/\/api.w.org\/{rel}","templated":true}]}}